{"id":4502,"date":"2021-02-10T12:41:34","date_gmt":"2021-02-10T12:41:34","guid":{"rendered":"https:\/\/profesionalesdanza.com\/proyectos-apdcv\/premis-apdcv\/"},"modified":"2023-10-26T17:49:00","modified_gmt":"2023-10-26T15:49:00","slug":"premios-apdcv","status":"publish","type":"page","link":"https:\/\/profesionalesdanza.com\/es\/proyectos\/proyectos-apdcv\/premios-apdcv\/","title":{"rendered":"Premios APDCV"},"content":{"rendered":"<p>[et_pb_section fb_built=\u00bb1&#8243; admin_label=\u00bbHero Section\u00bb _builder_version=\u00bb4.16&#8243; use_background_color_gradient=\u00bbon\u00bb background_color_gradient_stops=\u00bb#ffd838 0%|#ffd838 100%\u00bb background_color_gradient_overlays_image=\u00bbon\u00bb background_color_gradient_start=\u00bb#ffd838&#8243; background_color_gradient_end=\u00bb#ffd838&#8243; background_enable_image=\u00bboff\u00bb background_position=\u00bbcenter_right\u00bb custom_padding=\u00bb4%||4%||true|\u00bb bottom_divider_style=\u00bbcurve2&#8243; bottom_divider_color=\u00bb#f7f7f7&#8243; bottom_divider_height=\u00bb200px\u00bb bottom_divider_height_tablet=\u00bb150px\u00bb bottom_divider_height_phone=\u00bb90px\u00bb bottom_divider_height_last_edited=\u00bbon|desktop\u00bb da_disable_devices=\u00bboff|off|off\u00bb global_colors_info=\u00bb{}\u00bb background_color_gradient_direction__hover=\u00bb180deg\u00bb background_color_gradient_direction__hover_enabled=\u00bb180deg\u00bb background_color_gradient_start_position__hover=\u00bb0%\u00bb background_color_gradient_start_position__hover_enabled=\u00bb0%\u00bb background_color_gradient_end_position__hover=\u00bb100%\u00bb background_color_gradient_end_position__hover_enabled=\u00bb100%\u00bb background_color_gradient_stops__hover=\u00bb#ffd838 0%|#ffd838 100%\u00bb da_is_popup=\u00bboff\u00bb da_exit_intent=\u00bboff\u00bb da_has_close=\u00bbon\u00bb da_alt_close=\u00bboff\u00bb da_dark_close=\u00bboff\u00bb da_not_modal=\u00bbon\u00bb da_is_singular=\u00bboff\u00bb da_with_loader=\u00bboff\u00bb da_has_shadow=\u00bbon\u00bb][et_pb_row _builder_version=\u00bb4.16&#8243; global_colors_info=\u00bb{}\u00bb][et_pb_column type=\u00bb4_4&#8243; _builder_version=\u00bb4.16&#8243; custom_padding=\u00bb|||\u00bb global_colors_info=\u00bb{}\u00bb custom_padding__hover=\u00bb|||\u00bb][et_pb_text admin_label=\u00bbHero Section Title\u00bb _builder_version=\u00bb4.16&#8243; text_font=\u00bb||||||||\u00bb text_font_size=\u00bb22px\u00bb text_line_height=\u00bb1.4em\u00bb header_font=\u00bbBebas Neue|600|||||||\u00bb header_text_color=\u00bb#303030&#8243; header_font_size=\u00bb74px\u00bb header_letter_spacing=\u00bb3px\u00bb header_line_height=\u00bb1.3em\u00bb header_2_font=\u00bbBebas Neue|||on|||||\u00bb header_2_text_color=\u00bbrgba(255,255,255,0.6)\u00bb header_2_font_size=\u00bb36px\u00bb header_2_letter_spacing=\u00bb3px\u00bb header_2_line_height=\u00bb1.1em\u00bb text_orientation=\u00bbcenter\u00bb background_layout=\u00bbdark\u00bb module_alignment=\u00bbcenter\u00bb custom_margin=\u00bb||60px|\u00bb animation_style=\u00bbslide\u00bb animation_direction=\u00bbbottom\u00bb animation_intensity_slide=\u00bb5%\u00bb text_font_size_tablet=\u00bb\u00bb text_font_size_phone=\u00bb17px\u00bb text_font_size_last_edited=\u00bbon|phone\u00bb header_font_size_tablet=\u00bb\u00bb header_font_size_phone=\u00bb47px\u00bb header_font_size_last_edited=\u00bbon|phone\u00bb header_2_font_size_tablet=\u00bb\u00bb header_2_font_size_phone=\u00bb50px\u00bb header_2_font_size_last_edited=\u00bbon|phone\u00bb global_colors_info=\u00bb{}\u00bb]<\/p>\n<h1>Premios apdcv<\/h1>\n<h2><a href=\"https:\/\/profesionalesdanza.com\/es\/proyectos\/proyectos-apdcv\/\">Proyectos APDCV<\/a><\/h2>\n<p>[\/et_pb_text][\/et_pb_column][\/et_pb_row][\/et_pb_section][et_pb_section fb_built=\u00bb1&#8243; _builder_version=\u00bb4.16&#8243; _module_preset=\u00bbdefault\u00bb background_color=\u00bb#f7f7f7&#8243; custom_padding=\u00bb74px|||||\u00bb da_disable_devices=\u00bboff|off|off\u00bb global_colors_info=\u00bb{}\u00bb da_is_popup=\u00bboff\u00bb da_exit_intent=\u00bboff\u00bb da_has_close=\u00bbon\u00bb da_alt_close=\u00bboff\u00bb da_dark_close=\u00bboff\u00bb da_not_modal=\u00bbon\u00bb da_is_singular=\u00bboff\u00bb da_with_loader=\u00bboff\u00bb da_has_shadow=\u00bbon\u00bb][et_pb_row column_structure=\u00bb3_5,2_5&#8243; _builder_version=\u00bb4.16&#8243; _module_preset=\u00bbdefault\u00bb custom_margin=\u00bb|auto|22px|auto||\u00bb global_colors_info=\u00bb{}\u00bb][et_pb_column type=\u00bb3_5&#8243; _builder_version=\u00bb4.16&#8243; _module_preset=\u00bbdefault\u00bb global_colors_info=\u00bb{}\u00bb][et_pb_text _builder_version=\u00bb4.20.4&#8243; _module_preset=\u00bbdefault\u00bb text_font=\u00bbMontserrat|300|||||||\u00bb text_orientation=\u00bbjustified\u00bb custom_margin=\u00bb14px|||||\u00bb global_colors_info=\u00bb{}\u00bb]<\/p>\n<p>La Fiesta de los\u00a0 premios APDCV es una celebraci\u00f3n, un espacio donde estar juntas y continuar conoci\u00e9ndonos, en 2023 celebramos la IV edici\u00f3n.\u00a0<\/p>\n<p>El objetivo de estos galardones es reconocer el trabajo de los y las profesionales de la Danza Valenciana y servir de est\u00edmulo a las trayectorias de creadores, int\u00e9rpretes, investigadores y docentes del sector.<\/p>\n<p>[\/et_pb_text][\/et_pb_column][et_pb_column type=\u00bb2_5&#8243; _builder_version=\u00bb4.16&#8243; _module_preset=\u00bbdefault\u00bb global_colors_info=\u00bb{}\u00bb][et_pb_image src=\u00bbhttps:\/\/profesionalesdanza.com\/wp-content\/uploads\/2023\/10\/WhatsApp-Image-2023-10-26-at-17.1r9.jpg\u00bb alt=\u00bbpremios apdcv\u00bb title_text=\u00bbWhatsApp-Image-2023-10-26-at-17.1r9&#8243; _builder_version=\u00bb4.22.2&#8243; _module_preset=\u00bbdefault\u00bb custom_margin=\u00bb16px|||||\u00bb border_width_right=\u00bb5px\u00bb border_color_right=\u00bb#ffdc32&#8243; border_width_bottom=\u00bb5px\u00bb border_color_bottom=\u00bb#ffdc32&#8243; global_colors_info=\u00bb{}\u00bb][\/et_pb_image][\/et_pb_column][\/et_pb_row][\/et_pb_section][et_pb_section fb_built=\u00bb1&#8243; _builder_version=\u00bb4.16&#8243; _module_preset=\u00bbdefault\u00bb background_color=\u00bb#fce887&#8243; da_disable_devices=\u00bboff|off|off\u00bb locked=\u00bboff\u00bb global_colors_info=\u00bb{}\u00bb da_is_popup=\u00bboff\u00bb da_exit_intent=\u00bboff\u00bb da_has_close=\u00bbon\u00bb da_alt_close=\u00bboff\u00bb da_dark_close=\u00bboff\u00bb da_not_modal=\u00bbon\u00bb da_is_singular=\u00bboff\u00bb da_with_loader=\u00bboff\u00bb da_has_shadow=\u00bbon\u00bb][et_pb_row _builder_version=\u00bb4.16&#8243; _module_preset=\u00bbdefault\u00bb global_colors_info=\u00bb{}\u00bb][et_pb_column type=\u00bb4_4&#8243; _builder_version=\u00bb4.16&#8243; _module_preset=\u00bbdefault\u00bb global_colors_info=\u00bb{}\u00bb][et_pb_text admin_label=\u00bbTitle\u00bb _builder_version=\u00bb4.22.2&#8243; text_font=\u00bb||||||||\u00bb header_font=\u00bb||||||||\u00bb header_2_font=\u00bbBebas Neue|600||on|||||\u00bb header_2_text_align=\u00bbcenter\u00bb header_2_font_size=\u00bb30px\u00bb header_2_letter_spacing=\u00bb3px\u00bb header_3_font=\u00bbBebas Neue||||||||\u00bb header_3_text_align=\u00bbleft\u00bb header_3_font_size=\u00bb40px\u00bb header_3_letter_spacing=\u00bb2px\u00bb custom_margin=\u00bb||5px|\u00bb animation_style=\u00bbslide\u00bb animation_direction=\u00bbtop\u00bb animation_intensity_slide=\u00bb20%\u00bb animation_starting_opacity=\u00bb100%\u00bb global_colors_info=\u00bb{}\u00bb]<\/p>\n<h3 data-pm-slice=\"1 1 []\">Actualidad e hist\u00f3rico del proyecto<\/h3>\n<p>[\/et_pb_text][et_pb_divider color=\u00bb#ffdc32&#8243; divider_weight=\u00bb5px\u00bb _builder_version=\u00bb4.16&#8243; _module_preset=\u00bbdefault\u00bb width=\u00bb63%\u00bb max_width=\u00bb70%\u00bb module_alignment=\u00bbleft\u00bb custom_margin=\u00bb||5px||false|false\u00bb animation_style=\u00bbslide\u00bb global_colors_info=\u00bb{}\u00bb][\/et_pb_divider][\/et_pb_column][\/et_pb_row][et_pb_row _builder_version=\u00bb4.16&#8243; _module_preset=\u00bbdefault\u00bb global_colors_info=\u00bb{}\u00bb][et_pb_column type=\u00bb4_4&#8243; _builder_version=\u00bb4.16&#8243; _module_preset=\u00bbdefault\u00bb global_colors_info=\u00bb{}\u00bb][et_pb_blog fullwidth=\u00bboff\u00bb posts_number=\u00bb6&#8243; include_categories=\u00bb136&#8243; show_thumbnail=\u00bboff\u00bb excerpt_length=\u00bb200&#8243; show_more=\u00bbon\u00bb show_author=\u00bboff\u00bb masonry_tile_background_color=\u00bb#ffffff\u00bb module_class=\u00bbmi_blog\u00bb _builder_version=\u00bb4.22.2&#8243; _module_preset=\u00bbdefault\u00bb header_font=\u00bbBebas Neue||||||||\u00bb header_text_color=\u00bb#242424&#8243; header_font_size=\u00bb25px\u00bb body_text_color=\u00bb#242424&#8243; meta_text_color=\u00bb#FFDC32&#8243; read_more_font=\u00bb|||on|||||\u00bb read_more_text_color=\u00bb#ffdc32&#8243; read_more_font_size=\u00bb13px\u00bb pagination_font=\u00bb|||on|||||\u00bb pagination_text_color=\u00bb#000000&#8243; pagination_font_size=\u00bb20px\u00bb width=\u00bb100%\u00bb border_width_all=\u00bb4px\u00bb border_color_all=\u00bb#ffdc32&#8243; global_colors_info=\u00bb{}\u00bb][\/et_pb_blog][\/et_pb_column][\/et_pb_row][\/et_pb_section]<\/p>\n","protected":false},"excerpt":{"rendered":"<p>Premios apdcv Proyectos APDCVLa Fiesta de los\u00a0 premios APDCV es una celebraci\u00f3n, un espacio donde estar juntas y continuar conoci\u00e9ndonos, en 2023 celebramos la IV edici\u00f3n.\u00a0 El objetivo de estos [&hellip;]<\/p>\n","protected":false},"author":1,"featured_media":1311,"parent":4471,"menu_order":0,"comment_status":"closed","ping_status":"closed","template":"","meta":{"_acf_changed":false,"_et_pb_use_builder":"on","_et_pb_old_content":"","_et_gb_content_width":"","footnotes":""},"class_list":["post-4502","page","type-page","status-publish","has-post-thumbnail","hentry"],"acf":[],"_links":{"self":[{"href":"https:\/\/profesionalesdanza.com\/es\/wp-json\/wp\/v2\/pages\/4502","targetHints":{"allow":["GET"]}}],"collection":[{"href":"https:\/\/profesionalesdanza.com\/es\/wp-json\/wp\/v2\/pages"}],"about":[{"href":"https:\/\/profesionalesdanza.com\/es\/wp-json\/wp\/v2\/types\/page"}],"author":[{"embeddable":true,"href":"https:\/\/profesionalesdanza.com\/es\/wp-json\/wp\/v2\/users\/1"}],"replies":[{"embeddable":true,"href":"https:\/\/profesionalesdanza.com\/es\/wp-json\/wp\/v2\/comments?post=4502"}],"version-history":[{"count":21,"href":"https:\/\/profesionalesdanza.com\/es\/wp-json\/wp\/v2\/pages\/4502\/revisions"}],"predecessor-version":[{"id":10617,"href":"https:\/\/profesionalesdanza.com\/es\/wp-json\/wp\/v2\/pages\/4502\/revisions\/10617"}],"up":[{"embeddable":true,"href":"https:\/\/profesionalesdanza.com\/es\/wp-json\/wp\/v2\/pages\/4471"}],"wp:featuredmedia":[{"embeddable":true,"href":"https:\/\/profesionalesdanza.com\/es\/wp-json\/wp\/v2\/media\/1311"}],"wp:attachment":[{"href":"https:\/\/profesionalesdanza.com\/es\/wp-json\/wp\/v2\/media?parent=4502"}],"curies":[{"name":"wp","href":"https:\/\/api.w.org\/{rel}","templated":true}]}}