{"id":3713,"date":"2021-02-18T09:06:59","date_gmt":"2021-02-18T09:06:59","guid":{"rendered":"https:\/\/profesionalesdanza.com\/politica-de-cookies\/"},"modified":"2021-05-05T12:44:44","modified_gmt":"2021-05-05T10:44:44","slug":"politica-de-cookies","status":"publish","type":"page","link":"https:\/\/profesionalesdanza.com\/es\/politica-de-cookies\/","title":{"rendered":"Pol\u00edtica de cookies"},"content":{"rendered":"<p>[et_pb_section fb_built=\u00bb1&#8243; admin_label=\u00bbHero Section\u00bb _builder_version=\u00bb4.7.7&#8243; use_background_color_gradient=\u00bbon\u00bb background_color_gradient_start=\u00bbrgba(255,220,50,0.6)\u00bb background_color_gradient_end=\u00bbrgba(255,220,50,0.6)\u00bb background_color_gradient_overlays_image=\u00bbon\u00bb background_enable_image=\u00bboff\u00bb background_position=\u00bbcenter_right\u00bb custom_padding=\u00bb4%||4%||true|\u00bb bottom_divider_style=\u00bbcurve2&#8243; bottom_divider_color=\u00bb#f7f7f7&#8243; bottom_divider_height=\u00bb200px\u00bb bottom_divider_height_tablet=\u00bb150px\u00bb bottom_divider_height_phone=\u00bb90px\u00bb bottom_divider_height_last_edited=\u00bbon|desktop\u00bb da_disable_devices=\u00bboff|off|off\u00bb background_color_gradient_direction__hover=\u00bb180deg\u00bb background_color_gradient_direction__hover_enabled=\u00bb180deg\u00bb background_color_gradient_start_position__hover=\u00bb0%\u00bb background_color_gradient_start_position__hover_enabled=\u00bb0%\u00bb background_color_gradient_end_position__hover=\u00bb100%\u00bb background_color_gradient_end_position__hover_enabled=\u00bb100%\u00bb da_is_popup=\u00bboff\u00bb da_exit_intent=\u00bboff\u00bb da_has_close=\u00bbon\u00bb da_alt_close=\u00bboff\u00bb da_dark_close=\u00bboff\u00bb da_not_modal=\u00bbon\u00bb da_is_singular=\u00bboff\u00bb da_with_loader=\u00bboff\u00bb da_has_shadow=\u00bbon\u00bb][et_pb_row _builder_version=\u00bb3.25&#8243;][et_pb_column type=\u00bb4_4&#8243; _builder_version=\u00bb3.25&#8243; custom_padding=\u00bb|||\u00bb custom_padding__hover=\u00bb|||\u00bb][et_pb_text admin_label=\u00bbHero Section Title\u00bb _builder_version=\u00bb4.7.7&#8243; text_font=\u00bb||||||||\u00bb text_font_size=\u00bb22px\u00bb text_line_height=\u00bb1.4em\u00bb header_font=\u00bbBebas Neue|600|||||||\u00bb header_text_color=\u00bb#303030&#8243; header_font_size=\u00bb74px\u00bb header_letter_spacing=\u00bb3px\u00bb header_line_height=\u00bb1.3em\u00bb header_2_font=\u00bbBebas Neue|||on|||||\u00bb header_2_text_color=\u00bbrgba(255,255,255,0.6)\u00bb header_2_font_size=\u00bb36px\u00bb header_2_letter_spacing=\u00bb3px\u00bb header_2_line_height=\u00bb1.1em\u00bb text_orientation=\u00bbcenter\u00bb background_layout=\u00bbdark\u00bb module_alignment=\u00bbcenter\u00bb custom_margin=\u00bb||60px|\u00bb animation_style=\u00bbslide\u00bb animation_direction=\u00bbbottom\u00bb animation_intensity_slide=\u00bb5%\u00bb text_font_size_tablet=\u00bb\u00bb text_font_size_phone=\u00bb17px\u00bb text_font_size_last_edited=\u00bbon|phone\u00bb header_font_size_tablet=\u00bb\u00bb header_font_size_phone=\u00bb47px\u00bb header_font_size_last_edited=\u00bbon|phone\u00bb header_2_font_size_tablet=\u00bb\u00bb header_2_font_size_phone=\u00bb50px\u00bb header_2_font_size_last_edited=\u00bbon|phone\u00bb]<\/p>\n<h1>Pol\u00edtica de cookies<\/h1>\n<p>[\/et_pb_text][\/et_pb_column][\/et_pb_row][\/et_pb_section][et_pb_section fb_built=\u00bb1&#8243; admin_label=\u00bbAbout Section\u00bb _builder_version=\u00bb4.6.6&#8243; background_color=\u00bb#f7f7f7&#8243; custom_padding=\u00bb44px||33px|||\u00bb da_disable_devices=\u00bboff|off|off\u00bb da_is_popup=\u00bboff\u00bb da_exit_intent=\u00bboff\u00bb da_has_close=\u00bbon\u00bb da_alt_close=\u00bboff\u00bb da_dark_close=\u00bboff\u00bb da_not_modal=\u00bbon\u00bb da_is_singular=\u00bboff\u00bb da_with_loader=\u00bboff\u00bb da_has_shadow=\u00bbon\u00bb][et_pb_row admin_label=\u00bbSection Title\u00bb _builder_version=\u00bb3.25&#8243; custom_margin=\u00bb|||\u00bb custom_padding=\u00bb27px|0px|11px|0px||\u00bb locked=\u00bboff\u00bb][et_pb_column type=\u00bb4_4&#8243; _builder_version=\u00bb3.25&#8243; custom_padding=\u00bb|||\u00bb custom_padding__hover=\u00bb|||\u00bb][et_pb_divider show_divider=\u00bboff\u00bb _builder_version=\u00bb4.7.7&#8243; max_width=\u00bb23px\u00bb module_alignment=\u00bbcenter\u00bb animation_style=\u00bbslide\u00bb animation_direction=\u00bbtop\u00bb animation_intensity_slide=\u00bb20%\u00bb animation_starting_opacity=\u00bb100%\u00bb][\/et_pb_divider][et_pb_text admin_label=\u00bbTitle\u00bb _builder_version=\u00bb4.7.7&#8243; text_font=\u00bb|300|||||||\u00bb text_text_color=\u00bb#686868&#8243; text_line_height=\u00bb1.5em\u00bb link_font=\u00bb||||on|||#f46624|\u00bb link_text_color=\u00bb#333333&#8243; header_font=\u00bb||||||||\u00bb header_2_font=\u00bbMontserrat|600||on|||||\u00bb header_2_text_align=\u00bbcenter\u00bb header_2_font_size=\u00bb30px\u00bb text_orientation=\u00bbjustified\u00bb max_width=\u00bb798px\u00bb module_alignment=\u00bbcenter\u00bb custom_margin=\u00bb||11px|||\u00bb animation_style=\u00bbslide\u00bb animation_direction=\u00bbtop\u00bb animation_intensity_slide=\u00bb20%\u00bb animation_starting_opacity=\u00bb100%\u00bb]<\/p>\n<p><strong><\/strong><strong>\u00bfQU\u00c9 ES UNA COOKIE?<\/strong><br \/> Este sitio web utiliza cookies y\/o tecnolog\u00edas similares que almacenan y recuperan informaci\u00f3n cuando navegas. En general, estas tecnolog\u00edas pueden servir para finalidades muy diversas, como, por ejemplo, reconocerte como usuario, obtener informaci\u00f3n sobre tus h\u00e1bitos de navegaci\u00f3n o personalizas la forma en la que se muestra el contenido. Los usos concretos que hacemos de estas tecnolog\u00edas se describen a continuaci\u00f3n.<\/p>\n<p><strong>\u00bfQUI\u00c9N UTILIZA LA INFORMACI\u00d3N DE LAS COOKIES?<\/strong><br \/> Los datos almacenados son tratados por la entidad Asociaci\u00f3n de profesionales de la danza de la comunidad valenciana con CIF G460440186- con domicilio social en C\/Poeta Alberola N\u00ba20 Bajo, 46018 Valencia (Valencia).<\/p>\n<p><strong>\u00bfQU\u00c9 TIPOS DE COOKIES EXISTEN?<\/strong><br \/> Las Cookies pueden clasificarse, en virtud de sus caracter\u00edsticas propias, dentro de diversas categor\u00edas.<br \/> 1. Seg\u00fan la entidad que la gestione:<br \/> \u2022 Cookies propias: Son aquellas que se env\u00edan a tu ordenador y son gestionadas exclusivamente por nosotros para el mejor funcionamiento del Sitio Web.<br \/> \u2022 Cookies de terceros: Son aquellas que se env\u00edan a tu ordenador y no son gestionadas por nosotros sino por una tercera entidad.<br \/> \u2022<br \/> 2. Seg\u00fan el plazo de tiempo que permanecen activadas:<br \/> \u2022 Cookies de sesi\u00f3n: Este tipo de cookies recaban y almacenan datos \u00fanicamente mientras el Usuario accede al Sitio Web.<br \/> \u2022 Cookies persistentes: Mediante este tipo de cookies los datos siguen almacenados y pueden ser accedidos y tratados durante el periodo definido por el responsable de la cookie, y puede ir de unos minutos a varios a\u00f1os.<\/p>\n<p>3. Seg\u00fan la finalidad:<br \/> \u2022 Cookies t\u00e9cnicas: Son aquellas que permiten al usuario la navegaci\u00f3n a trav\u00e9s del sitio web, plataforma o aplicaci\u00f3n y la utilizaci\u00f3n de las diferentes opciones o servicios que el mismo ofrece, como por ejemplo, controlar el tr\u00e1fico y la comunicaci\u00f3n de datos, identificar la sesi\u00f3n, acceder a partes de acceso restringido, recordar los elementos que integran un pedido, realizar el proceso de compra de un pedido, realizar la solicitud de inscripci\u00f3n o participaci\u00f3n en un evento, utilizar elementos de seguridad durante la navegaci\u00f3n, almacenar contenidos para la difusi\u00f3n de videos o sonido o compartir contenidos a trav\u00e9s de redes sociales.<br \/> \u2022 Cookies de personalizaci\u00f3n: Son aqu\u00e9llas que permiten al usuario accede al servicio con algunas caracter\u00edsticas de car\u00e1cter general predefinidas, como por ejemplo el idioma, la configuraci\u00f3n regional desde donde accede al servicio, etc.<br \/> \u2022 Cookies de an\u00e1lisis: Son aqu\u00e9llas que permiten al responsable de las mismas, el seguimiento y an\u00e1lisis del comportamiento de los usuarios de los sitios web a los que est\u00e1n vinculadas. La informaci\u00f3n recogida mediante este tipo de cookies se utiliza en la medici\u00f3n de la actividad de los sitios web, aplicaci\u00f3n o plataforma y para la elaboraci\u00f3n de perfiles de navegaci\u00f3n de los usuarios de dichos sitios, aplicaciones y plataformas, con el fin de introducir mejoras en funci\u00f3n del an\u00e1lisis de los datos de uso que hacen los usuarios del servicio.<br \/> \u2022 Cookies publicitarias: Son aqu\u00e9llas que permiten la gesti\u00f3n, de la forma m\u00e1s eficaz posible, de los espacios publicitarios que, en su caso, se haya incluido en el sitio web, aplicaci\u00f3n o plataforma desde la que presta el servicio solicitado en base a los criterios como el contenido editado o la frecuencia en la que se muestran los anuncios.<br \/> \u2022 Cookies de publicidad comportamental: Son aquellas que permiten la gesti\u00f3n, de la forma m\u00e1s eficaz posible, de los espacios publicitarios que, en su caso, el editor haya incluido en su p\u00e1gina web, aplicaci\u00f3n o plataforma desde la que presta el servicio solicitado. Estas cookies almacenan informaci\u00f3n del comportamiento de los usuarios obtenida a trav\u00e9s de la observaci\u00f3n continuada de sus h\u00e1bitos de navegaci\u00f3n, lo que permite desarrollar un perfil espec\u00edfico para mostrar publicidad en funci\u00f3n del mismo.<\/p>\n<p><strong>\u00bfQU\u00c9 TIPOS DE COOKIES UTILIZA ESTE SITIO WEB?<\/strong><br \/> A continuaci\u00f3n, se especifican las cookies en concreto empleadas en el presente Sitio Web:<\/p>\n<table border=\"1\" cellspacing=\"0\" cellpadding=\"8\">\n<thead>\n<tr>\n<th>Tipo de Cookie<\/th>\n<th>Descripci\u00f3n<\/th>\n<th>Proveedor<\/th>\n<\/tr>\n<\/thead>\n<tbody>\n<tr>\n<td><\/td>\n<td><small><\/small><\/td>\n<td><\/td>\n<\/tr>\n<tr>\n<td><\/td>\n<td><\/td>\n<td><\/td>\n<\/tr>\n<tr>\n<td><\/td>\n<td><\/td>\n<td><\/td>\n<\/tr>\n<\/tbody>\n<\/table>\n<p>Esta tabla puede ser actualizada conforme a las cookies empleadas en cada momento. Te aconsejamos que consulte nuestra Pol\u00edtica de Cookies de forma regular.<\/p>\n<p><strong>\u00bfSE REALIZAN TRANFERENCIAS DE DATOS A TERCEROS PA\u00cdSES?<\/strong><br \/> Puedes informarte de las transferencias a terceros pa\u00edses que, en su caso, realizan los terceros identificados en esta pol\u00edtica de cookies en sus correspondientes pol\u00edticas (Ver los enlaces facilitados en la tabla anterior, en el apartado de cookies de terceros).<\/p>\n<p><strong>\u00bfC\u00d3MO DESHABILITAR Y BLOQUAR COOKIES?<\/strong><br \/> Te informamos que, en cualquier caso, puedes deshabilitar o bloquear las cookies activando la configuraci\u00f3n de tu navegador, permiti\u00e9ndote rechazar la instalaci\u00f3n de todas o algunas de las cookies. En caso de no permitir la instalaci\u00f3n de cookies es posible que no puedas acceder a algunas de las funcionalidades del presente sitio web, y por tanto, tu experiencia como usuario en el sitio web resulte menos satisfactoria.<br \/> Puedes permitir, bloquear o eliminar las cookies instaladas en tu equipo mediante la configuraci\u00f3n de las opciones del navegador instalado en tu ordenador. Para m\u00e1s informaci\u00f3n sobre c\u00f3mo ajustar sus configuraciones de cookies en los siguientes navegadores, te remitimos al enlace pertinente:<br \/> Internet Explorer<br \/> <a href=\"https:\/\/support.microsoft.com\/es-es\/help\/17442\/windows-internet-explorer-delete-manage-cookies\" target=\"_blank\" rel=\"noopener\">https:\/\/support.microsoft.com\/es-es\/help\/17442\/windows-internet-explorer-delete-manage-cookies<\/a><br \/> Firefox<br \/> <a href=\"https:\/\/support.mozilla.org\/es\/kb\/habilitar-y-deshabilitar-cookies-sitios-web-rastrear-preferencias?redirectlocale=es&amp;redirectslug=habilitar-y-deshabilitar-cookies-que-los-sitios-we\" target=\"_blank\" rel=\"noopener\">https:\/\/support.mozilla.org\/es\/kb\/habilitar-y-deshabilitar-cookies-sitios-web-rastrear-preferencias?redirectlocale=es&amp;redirectslug=habilitar-y-deshabilitar-cookies-que-los-sitios-we<\/a><br \/> Chrome<br \/> <a href=\"http:\/\/support.google.com\/chrome\/bin\/answer.py?hl=en&amp;answer=9564\" target=\"_blank\" rel=\"noopener\">http:\/\/support.google.com\/chrome\/bin\/answer.py?hl=en&amp;answer=9564<\/a><br \/> Safari<br \/> <a href=\"https:\/\/support.apple.com\/kb\/PH19214?viewlocale=es_ES&amp;locale=es_ES\" target=\"_blank\" rel=\"noopener\">https:\/\/support.apple.com\/kb\/PH19214?viewlocale=es_ES&amp;locale=es_ES<\/a><br \/> Opera<br \/> <a href=\"http:\/\/help.opera.com\/Windows\/11.50\/es-ES\/cookies.html\" target=\"_blank\" rel=\"noopener\">http:\/\/help.opera.com\/Windows\/11.50\/es-ES\/cookies.html<\/a><\/p>\n<p><strong>\u00bfQU\u00c9 DERECHOS TIENES SOBRE LOS DATOS PERSONALES APORTADOS?<\/strong><br \/> Como usuario, puedes ejercitar los siguientes derechos:<br \/> \u2022Derecho de acceso: Tienes derecho a obtener por parte de la empresa confirmaci\u00f3n de si se est\u00e1n tratando o no tus datos personales que, y en su caso, qu\u00e9 datos trata.<br \/> \u2022Derecho de rectificaci\u00f3n: Tienes derecho a obtener por parte de la empresa, la rectificaci\u00f3n de los datos personales inexactos que te conciernen. En la solicitud de rectificaci\u00f3n deber\u00e1s indicar los datos que deseas que se modifiquen.<br \/> \u2022Derecho de oposici\u00f3n: Tienes derecho a oponerte en cualquier momento, por motivos relacionados con tu situaci\u00f3n particular, a que datos personales que te conciernan sean objeto de un tratamiento basado en el inter\u00e9s leg\u00edtimo de la empresa. En ese caso, la empresa dejar\u00e1 de tratar los datos personales, salvo que acreditemos motivos leg\u00edtimos imperiosos para el tratamiento que prevalezcan sobre tus intereses, derechos y libertades, o para la formulaci\u00f3n, el ejercicio o la defensa de reclamaciones.<br \/> \u2022Derecho de supresi\u00f3n: Tienes derecho a obtener por parte de la empresa, la supresi\u00f3n de los datos personales que te conciernan.<br \/> \u2022Derecho a la portabilidad de los datos: Tienes derecho a que la empresa transfiera tus datos personales a otro responsable del tratamiento. Solo es posible ejercer este derecho cuando el tratamiento est\u00e9 basado en la ejecuci\u00f3n de un contrato o en tu consentimiento y el tratamiento se realice por medios automatizados.<br \/> \u2022Derecho a la limitaci\u00f3n del tratamiento: Tienes derecho a solicitarnos que suspendamos el tratamiento de tus datos cuando: impugnes la exactitud de los datos, mientras la empresa verifica dicha exactitud; hayas ejercido el derecho de oposici\u00f3n al tratamiento de tus datos, mientras que se verifica si los motivos leg\u00edtimos de la empresa prevalecen sobre los tuyos como interesado.<br \/> \u2022Derecho a no ser objeto de decisiones individuales automatizadas, incluida la elaboraci\u00f3n de perfiles: Tienes derecho a no ser objeto de una decisi\u00f3n basada \u00fanicamente en el tratamiento automatizado, incluida la elaboraci\u00f3n de perfiles, que produzca efectos jur\u00eddicos o te afecte significativamente de modo similar.<\/p>\n<p>En cualquier momento, podr\u00e1s ejercitar estos Derechos, mediante un escrito y acreditando Tu personalidad dirigido a Asociaci\u00f3n de profesionales de la danza de la comunidad valenciana con direcci\u00f3n de correo postal en C\/Poeta Alberola N\u00ba20 Bajo, 46018 Valencia (Valencia).<br \/> Adem\u00e1s, podr\u00e1s presentar una reclamaci\u00f3n ante la autoridad de control, en este caso, la Agencia Espa\u00f1ola de Protecci\u00f3n de Datos, si consideras que el tratamiento de datos personales infringe la legislaci\u00f3n aplicable.<\/p>\n<p>[\/et_pb_text][\/et_pb_column][\/et_pb_row][\/et_pb_section]<\/p>\n","protected":false},"excerpt":{"rendered":"<p>Pol\u00edtica de cookies\u00bfQU\u00c9 ES UNA COOKIE? Este sitio web utiliza cookies y\/o tecnolog\u00edas similares que almacenan y recuperan informaci\u00f3n cuando navegas. En general, estas tecnolog\u00edas pueden servir para finalidades muy [&hellip;]<\/p>\n","protected":false},"author":1,"featured_media":0,"parent":0,"menu_order":0,"comment_status":"closed","ping_status":"closed","template":"","meta":{"_acf_changed":false,"_et_pb_use_builder":"on","_et_pb_old_content":"","_et_gb_content_width":"","footnotes":""},"class_list":["post-3713","page","type-page","status-publish","hentry"],"acf":[],"_links":{"self":[{"href":"https:\/\/profesionalesdanza.com\/es\/wp-json\/wp\/v2\/pages\/3713","targetHints":{"allow":["GET"]}}],"collection":[{"href":"https:\/\/profesionalesdanza.com\/es\/wp-json\/wp\/v2\/pages"}],"about":[{"href":"https:\/\/profesionalesdanza.com\/es\/wp-json\/wp\/v2\/types\/page"}],"author":[{"embeddable":true,"href":"https:\/\/profesionalesdanza.com\/es\/wp-json\/wp\/v2\/users\/1"}],"replies":[{"embeddable":true,"href":"https:\/\/profesionalesdanza.com\/es\/wp-json\/wp\/v2\/comments?post=3713"}],"version-history":[{"count":5,"href":"https:\/\/profesionalesdanza.com\/es\/wp-json\/wp\/v2\/pages\/3713\/revisions"}],"predecessor-version":[{"id":4387,"href":"https:\/\/profesionalesdanza.com\/es\/wp-json\/wp\/v2\/pages\/3713\/revisions\/4387"}],"wp:attachment":[{"href":"https:\/\/profesionalesdanza.com\/es\/wp-json\/wp\/v2\/media?parent=3713"}],"curies":[{"name":"wp","href":"https:\/\/api.w.org\/{rel}","templated":true}]}}