{"id":3445,"date":"2021-01-12T11:19:29","date_gmt":"2021-01-12T11:19:29","guid":{"rendered":"https:\/\/profesionalesdanza.com\/desenvolupament-professional\/"},"modified":"2021-04-26T07:21:44","modified_gmt":"2021-04-26T07:21:44","slug":"desarrollo-profesional","status":"publish","type":"page","link":"https:\/\/profesionalesdanza.com\/es\/areas-de-trabajo\/desarrollo-profesional\/","title":{"rendered":"Desarrollo profesional"},"content":{"rendered":"<p>[et_pb_section fb_built=\u00bb1&#8243; admin_label=\u00bbHero Section\u00bb _builder_version=\u00bb4.9.2&#8243; use_background_color_gradient=\u00bbon\u00bb background_color_gradient_start=\u00bbrgba(255,220,50,0.6)\u00bb background_color_gradient_end=\u00bbrgba(255,220,50,0.6)\u00bb background_color_gradient_overlays_image=\u00bbon\u00bb background_image=\u00bbhttps:\/\/profesionalesdanza.com\/wp-content\/uploads\/2021\/04\/OBJETIVOS-2.jpg\u00bb custom_padding=\u00bb4%||4%||true|\u00bb bottom_divider_style=\u00bbcurve2&#8243; bottom_divider_color=\u00bb#f7f7f7&#8243; bottom_divider_height=\u00bb200px\u00bb bottom_divider_height_tablet=\u00bb150px\u00bb bottom_divider_height_phone=\u00bb90px\u00bb bottom_divider_height_last_edited=\u00bbon|desktop\u00bb da_disable_devices=\u00bboff|off|off\u00bb background_color_gradient_direction__hover=\u00bb180deg\u00bb background_color_gradient_direction__hover_enabled=\u00bb180deg\u00bb background_color_gradient_start_position__hover=\u00bb0%\u00bb background_color_gradient_start_position__hover_enabled=\u00bb0%\u00bb background_color_gradient_end_position__hover=\u00bb100%\u00bb background_color_gradient_end_position__hover_enabled=\u00bb100%\u00bb da_is_popup=\u00bboff\u00bb da_exit_intent=\u00bboff\u00bb da_has_close=\u00bbon\u00bb da_alt_close=\u00bboff\u00bb da_dark_close=\u00bboff\u00bb da_not_modal=\u00bbon\u00bb da_is_singular=\u00bboff\u00bb da_with_loader=\u00bboff\u00bb da_has_shadow=\u00bbon\u00bb][et_pb_row _builder_version=\u00bb3.25&#8243;][et_pb_column type=\u00bb4_4&#8243; _builder_version=\u00bb3.25&#8243; custom_padding=\u00bb|||\u00bb custom_padding__hover=\u00bb|||\u00bb][et_pb_text admin_label=\u00bbHero Section Title\u00bb _builder_version=\u00bb4.9.2&#8243; text_font=\u00bb||||||||\u00bb text_font_size=\u00bb22px\u00bb text_line_height=\u00bb1.4em\u00bb link_text_color=\u00bb#ffffff\u00bb header_font=\u00bbBebas Neue|600|||||||\u00bb header_text_color=\u00bb#303030&#8243; header_font_size=\u00bb74px\u00bb header_letter_spacing=\u00bb3px\u00bb header_line_height=\u00bb1.3em\u00bb header_2_font=\u00bbBebas Neue|||on|||||\u00bb header_2_text_color=\u00bbrgba(255,255,255,0.6)\u00bb header_2_font_size=\u00bb36px\u00bb header_2_letter_spacing=\u00bb3px\u00bb header_2_line_height=\u00bb1.1em\u00bb text_orientation=\u00bbcenter\u00bb background_layout=\u00bbdark\u00bb module_alignment=\u00bbcenter\u00bb custom_margin=\u00bb||60px|\u00bb animation_style=\u00bbslide\u00bb animation_direction=\u00bbbottom\u00bb animation_intensity_slide=\u00bb5%\u00bb text_font_size_tablet=\u00bb\u00bb text_font_size_phone=\u00bb17px\u00bb text_font_size_last_edited=\u00bbon|phone\u00bb header_font_size_tablet=\u00bb\u00bb header_font_size_phone=\u00bb43px\u00bb header_font_size_last_edited=\u00bbon|phone\u00bb header_2_font_size_tablet=\u00bb\u00bb header_2_font_size_phone=\u00bb50px\u00bb header_2_font_size_last_edited=\u00bbon|phone\u00bb]<\/p>\n<h1>DESARROLLO PROFESIONAL<\/h1>\n<h2><a href=\"https:\/\/profesionalesdanza.com\/es\/areas-de-trabajo\/\">\u00c1REAS DE TRABAJO<\/a><\/h2>\n<p>[\/et_pb_text][\/et_pb_column][\/et_pb_row][\/et_pb_section][et_pb_section fb_built=\u00bb1&#8243; admin_label=\u00bbAbout Section\u00bb _builder_version=\u00bb4.6.6&#8243; background_color=\u00bb#f7f7f7&#8243; custom_padding=\u00bb57px||33px|||\u00bb da_disable_devices=\u00bboff|off|off\u00bb da_is_popup=\u00bboff\u00bb da_exit_intent=\u00bboff\u00bb da_has_close=\u00bbon\u00bb da_alt_close=\u00bboff\u00bb da_dark_close=\u00bboff\u00bb da_not_modal=\u00bbon\u00bb da_is_singular=\u00bboff\u00bb da_with_loader=\u00bboff\u00bb da_has_shadow=\u00bbon\u00bb][et_pb_row admin_label=\u00bbSection Title\u00bb _builder_version=\u00bb3.25&#8243; custom_margin=\u00bb|||\u00bb custom_padding=\u00bb27px|0px|11px|0px||\u00bb locked=\u00bboff\u00bb][et_pb_column type=\u00bb4_4&#8243; _builder_version=\u00bb3.25&#8243; custom_padding=\u00bb|||\u00bb custom_padding__hover=\u00bb|||\u00bb][et_pb_divider show_divider=\u00bboff\u00bb _builder_version=\u00bb3.2&#8243; max_width=\u00bb23px\u00bb module_alignment=\u00bbcenter\u00bb animation_style=\u00bbslide\u00bb animation_direction=\u00bbtop\u00bb animation_intensity_slide=\u00bb20%\u00bb animation_starting_opacity=\u00bb100%\u00bb][\/et_pb_divider][et_pb_text admin_label=\u00bbTitle\u00bb _builder_version=\u00bb4.7.7&#8243; text_font=\u00bb|300|||||||\u00bb text_text_color=\u00bb#686868&#8243; text_font_size=\u00bb18px\u00bb text_line_height=\u00bb1.5em\u00bb link_font=\u00bb||||on|||#f46624|\u00bb link_text_color=\u00bb#333333&#8243; header_font=\u00bb||||||||\u00bb header_2_font=\u00bbMontserrat|600||on|||||\u00bb header_2_text_align=\u00bbcenter\u00bb header_2_font_size=\u00bb30px\u00bb text_orientation=\u00bbcenter\u00bb max_width=\u00bb800px\u00bb module_alignment=\u00bbcenter\u00bb custom_margin=\u00bb||40px|\u00bb animation_style=\u00bbslide\u00bb animation_direction=\u00bbtop\u00bb animation_intensity_slide=\u00bb20%\u00bb animation_starting_opacity=\u00bb100%\u00bb]<\/p>\n<p><span style=\"font-size: 18px;\">Una de las principales l\u00edneas de trabajo en la APDCV es apoyar el <\/span><strong style=\"font-size: 18px;\">desarrollo profesional<\/strong><span style=\"font-size: 18px;\"> de los socios mediante la organizaci\u00f3n de actividades y servicios encaminados a dar soporte a su <\/span><strong style=\"font-size: 18px;\">actividad laboral y profesional<\/strong><span style=\"font-size: 18px;\">, tal y como establecen nuestros estatutos.<\/span><\/p>\n<p>Es preciso se\u00f1alar que estas actividades no solo se dirigen a nuestros socios sino que est\u00e1n abiertas a la <strong>participaci\u00f3n de todos los profesionales de la danza<\/strong>, independientemente de su procedencia y de su afiliaci\u00f3n.<\/p>\n<p>Hemos introducido medidas destinada al fomento de la participaci\u00f3n de los socios y de los profesionales del sector en el funcionamiento y en el dise\u00f1o de actividades de nuestra entidad.<\/p>\n<p>Gracias a las medidas de gesti\u00f3n adoptadas en 2016 y que continuar\u00e1n en 2021, la <strong>APDCV intentar\u00e1 incrementar<\/strong> su base asociativa. As\u00ed mismo, se ha logrado mantener el n\u00famero de <strong>socios-colaboradores y eliminar las bajas de socios por motivos econ\u00f3micos.<\/strong><\/p>\n<p>&nbsp;<\/p>\n<p>[\/et_pb_text][\/et_pb_column][\/et_pb_row][\/et_pb_section]<\/p>\n","protected":false},"excerpt":{"rendered":"<p>DESARROLLO PROFESIONAL \u00c1REAS DE TRABAJOUna de las principales l\u00edneas de trabajo en la APDCV es apoyar el desarrollo profesional de los socios mediante la organizaci\u00f3n de actividades y servicios encaminados [&hellip;]<\/p>\n","protected":false},"author":1,"featured_media":4614,"parent":4746,"menu_order":0,"comment_status":"closed","ping_status":"closed","template":"","meta":{"_acf_changed":false,"_et_pb_use_builder":"on","_et_pb_old_content":"","_et_gb_content_width":"","footnotes":""},"class_list":["post-3445","page","type-page","status-publish","has-post-thumbnail","hentry"],"acf":[],"_links":{"self":[{"href":"https:\/\/profesionalesdanza.com\/es\/wp-json\/wp\/v2\/pages\/3445","targetHints":{"allow":["GET"]}}],"collection":[{"href":"https:\/\/profesionalesdanza.com\/es\/wp-json\/wp\/v2\/pages"}],"about":[{"href":"https:\/\/profesionalesdanza.com\/es\/wp-json\/wp\/v2\/types\/page"}],"author":[{"embeddable":true,"href":"https:\/\/profesionalesdanza.com\/es\/wp-json\/wp\/v2\/users\/1"}],"replies":[{"embeddable":true,"href":"https:\/\/profesionalesdanza.com\/es\/wp-json\/wp\/v2\/comments?post=3445"}],"version-history":[{"count":8,"href":"https:\/\/profesionalesdanza.com\/es\/wp-json\/wp\/v2\/pages\/3445\/revisions"}],"predecessor-version":[{"id":5270,"href":"https:\/\/profesionalesdanza.com\/es\/wp-json\/wp\/v2\/pages\/3445\/revisions\/5270"}],"up":[{"embeddable":true,"href":"https:\/\/profesionalesdanza.com\/es\/wp-json\/wp\/v2\/pages\/4746"}],"wp:featuredmedia":[{"embeddable":true,"href":"https:\/\/profesionalesdanza.com\/es\/wp-json\/wp\/v2\/media\/4614"}],"wp:attachment":[{"href":"https:\/\/profesionalesdanza.com\/es\/wp-json\/wp\/v2\/media?parent=3445"}],"curies":[{"name":"wp","href":"https:\/\/api.w.org\/{rel}","templated":true}]}}