{"id":3428,"date":"2021-01-12T11:07:59","date_gmt":"2021-01-12T11:07:59","guid":{"rendered":"https:\/\/profesionalesdanza.com\/politica-educativa\/"},"modified":"2021-04-26T07:26:26","modified_gmt":"2021-04-26T07:26:26","slug":"politica-educativa","status":"publish","type":"page","link":"https:\/\/profesionalesdanza.com\/es\/areas-de-trabajo\/politica-educativa\/","title":{"rendered":"Pol\u00edtica educativa"},"content":{"rendered":"<p>[et_pb_section fb_built=\u00bb1&#8243; admin_label=\u00bbHero Section\u00bb _builder_version=\u00bb4.7.7&#8243; use_background_color_gradient=\u00bbon\u00bb background_color_gradient_start=\u00bbrgba(255,220,50,0.6)\u00bb background_color_gradient_end=\u00bbrgba(255,220,50,0.6)\u00bb background_color_gradient_overlays_image=\u00bbon\u00bb background_image=\u00bbhttps:\/\/profesionalesdanza.com\/wp-content\/uploads\/2021\/01\/politica-educativa-1.jpg\u00bb background_position=\u00bbtop_center\u00bb custom_padding=\u00bb4%||4%||true|\u00bb bottom_divider_style=\u00bbcurve2&#8243; bottom_divider_color=\u00bb#f7f7f7&#8243; bottom_divider_height=\u00bb200px\u00bb bottom_divider_height_tablet=\u00bb150px\u00bb bottom_divider_height_phone=\u00bb90px\u00bb bottom_divider_height_last_edited=\u00bbon|desktop\u00bb da_disable_devices=\u00bboff|off|off\u00bb background_color_gradient_direction__hover=\u00bb180deg\u00bb background_color_gradient_direction__hover_enabled=\u00bb180deg\u00bb background_color_gradient_start_position__hover=\u00bb0%\u00bb background_color_gradient_start_position__hover_enabled=\u00bb0%\u00bb background_color_gradient_end_position__hover=\u00bb100%\u00bb background_color_gradient_end_position__hover_enabled=\u00bb100%\u00bb da_is_popup=\u00bboff\u00bb da_exit_intent=\u00bboff\u00bb da_has_close=\u00bbon\u00bb da_alt_close=\u00bboff\u00bb da_dark_close=\u00bboff\u00bb da_not_modal=\u00bbon\u00bb da_is_singular=\u00bboff\u00bb da_with_loader=\u00bboff\u00bb da_has_shadow=\u00bbon\u00bb][et_pb_row _builder_version=\u00bb3.25&#8243;][et_pb_column type=\u00bb4_4&#8243; _builder_version=\u00bb3.25&#8243; custom_padding=\u00bb|||\u00bb custom_padding__hover=\u00bb|||\u00bb][et_pb_text admin_label=\u00bbHero Section Title\u00bb _builder_version=\u00bb4.9.2&#8243; text_font=\u00bb||||||||\u00bb text_font_size=\u00bb22px\u00bb text_line_height=\u00bb1.4em\u00bb link_text_color=\u00bb#ffffff\u00bb header_font=\u00bbBebas Neue|600|||||||\u00bb header_text_color=\u00bb#303030&#8243; header_font_size=\u00bb74px\u00bb header_letter_spacing=\u00bb3px\u00bb header_line_height=\u00bb1.3em\u00bb header_2_font=\u00bbBebas Neue|||on|||||\u00bb header_2_text_color=\u00bbrgba(255,255,255,0.6)\u00bb header_2_font_size=\u00bb36px\u00bb header_2_letter_spacing=\u00bb3px\u00bb header_2_line_height=\u00bb1.1em\u00bb text_orientation=\u00bbcenter\u00bb background_layout=\u00bbdark\u00bb module_alignment=\u00bbcenter\u00bb custom_margin=\u00bb||60px|\u00bb animation_style=\u00bbslide\u00bb animation_direction=\u00bbbottom\u00bb animation_intensity_slide=\u00bb5%\u00bb text_font_size_tablet=\u00bb\u00bb text_font_size_phone=\u00bb17px\u00bb text_font_size_last_edited=\u00bbon|phone\u00bb header_font_size_tablet=\u00bb\u00bb header_font_size_phone=\u00bb47px\u00bb header_font_size_last_edited=\u00bbon|phone\u00bb header_2_font_size_tablet=\u00bb\u00bb header_2_font_size_phone=\u00bb50px\u00bb header_2_font_size_last_edited=\u00bbon|phone\u00bb]<\/p>\n<h1>Pol\u00edtica educativa<\/h1>\n<h2><a href=\"https:\/\/profesionalesdanza.com\/es\/areas-de-trabajo\/\">\u00c1REAS DE TRABAJO<\/a><\/h2>\n<p>[\/et_pb_text][\/et_pb_column][\/et_pb_row][\/et_pb_section][et_pb_section fb_built=\u00bb1&#8243; admin_label=\u00bbAbout Section\u00bb _builder_version=\u00bb4.7.7&#8243; background_color=\u00bb#f7f7f7&#8243; custom_padding=\u00bb80px||127px||false|\u00bb da_disable_devices=\u00bboff|off|off\u00bb da_is_popup=\u00bboff\u00bb da_exit_intent=\u00bboff\u00bb da_has_close=\u00bbon\u00bb da_alt_close=\u00bboff\u00bb da_dark_close=\u00bboff\u00bb da_not_modal=\u00bbon\u00bb da_is_singular=\u00bboff\u00bb da_with_loader=\u00bboff\u00bb da_has_shadow=\u00bbon\u00bb][et_pb_row _builder_version=\u00bb4.7.7&#8243; _module_preset=\u00bbdefault\u00bb][et_pb_column type=\u00bb4_4&#8243; _builder_version=\u00bb4.7.7&#8243; _module_preset=\u00bbdefault\u00bb][et_pb_text admin_label=\u00bbTitle\u00bb _builder_version=\u00bb4.7.7&#8243; text_font=\u00bb||||||||\u00bb header_font=\u00bb||||||||\u00bb header_2_font=\u00bbBebas Neue|600||on|||||\u00bb header_2_text_align=\u00bbcenter\u00bb header_2_font_size=\u00bb30px\u00bb header_2_letter_spacing=\u00bb3px\u00bb header_3_font=\u00bbBebas Neue||||||||\u00bb header_3_text_align=\u00bbcenter\u00bb header_3_font_size=\u00bb40px\u00bb header_3_letter_spacing=\u00bb2px\u00bb custom_margin=\u00bb||5px|\u00bb animation_style=\u00bbslide\u00bb animation_direction=\u00bbtop\u00bb animation_intensity_slide=\u00bb20%\u00bb animation_starting_opacity=\u00bb100%\u00bb]<\/p>\n<h3>EDUCACI\u00d3N<\/h3>\n<p>[\/et_pb_text][\/et_pb_column][\/et_pb_row][et_pb_row column_structure=\u00bb1_3,1_3,1_3&#8243; admin_label=\u00bbService Area\u00bb _builder_version=\u00bb4.7.7&#8243; width=\u00bb81%\u00bb max_width=\u00bb1441px\u00bb custom_padding=\u00bb||43px|||\u00bb][et_pb_column type=\u00bb1_3&#8243; _builder_version=\u00bb3.25&#8243; custom_padding=\u00bb|||\u00bb custom_padding__hover=\u00bb|||\u00bb][et_pb_text _builder_version=\u00bb4.7.7&#8243; _module_preset=\u00bbdefault\u00bb header_4_font=\u00bbBebas Neue||||||||\u00bb header_4_font_size=\u00bb22px\u00bb custom_margin=\u00bb||4px|||\u00bb]<\/p>\n<h4>Oferta P\u00fablica de Empleo Cuerpo de Profesorado y Catedr\u00e1ticos de M\u00fasica y Artes Esc\u00e9nicas<\/h4>\n<p>[\/et_pb_text][et_pb_divider color=\u00bb#ffdc32&#8243; divider_weight=\u00bb5px\u00bb _builder_version=\u00bb4.7.7&#8243; _module_preset=\u00bbdefault\u00bb width=\u00bb25%\u00bb custom_margin=\u00bb||5px||false|false\u00bb animation_style=\u00bbslide\u00bb][\/et_pb_divider][et_pb_text _builder_version=\u00bb4.7.7&#8243; _module_preset=\u00bbdefault\u00bb text_font=\u00bb|300|||||||\u00bb]Introducci\u00f3n de mejoras en la futura OPE, respecto a: plazos de la convocatoria, requisitos de acceso, m\u00e9ritos baremables, capacidad investigadora y m\u00e1steres, tribunales y pruebas pr\u00e1cticas. [\/et_pb_text][\/et_pb_column][et_pb_column type=\u00bb1_3&#8243; _builder_version=\u00bb3.25&#8243; custom_padding=\u00bb|||\u00bb custom_padding__hover=\u00bb|||\u00bb][et_pb_text _builder_version=\u00bb4.7.7&#8243; _module_preset=\u00bbdefault\u00bb header_4_font=\u00bbBebas Neue||||||||\u00bb header_4_font_size=\u00bb22px\u00bb custom_margin=\u00bb||4px|||\u00bb]<\/p>\n<h4>Profesorado especialista<\/h4>\n<p>[\/et_pb_text][et_pb_divider color=\u00bb#ffdc32&#8243; divider_weight=\u00bb5px\u00bb _builder_version=\u00bb4.7.7&#8243; _module_preset=\u00bbdefault\u00bb width=\u00bb25%\u00bb custom_margin=\u00bb||5px||false|false\u00bb animation_style=\u00bbslide\u00bb][\/et_pb_divider][et_pb_text _builder_version=\u00bb4.7.7&#8243; _module_preset=\u00bbdefault\u00bb text_font=\u00bb|300|||||||\u00bb]Tanto en el nivel profesional como superior. Regularizar las situaciones actuales y establecer mecanismos y protocolos de asignaci\u00f3n.[\/et_pb_text][\/et_pb_column][et_pb_column type=\u00bb1_3&#8243; _builder_version=\u00bb3.25&#8243; custom_padding=\u00bb|||\u00bb custom_padding__hover=\u00bb|||\u00bb][et_pb_text _builder_version=\u00bb4.7.7&#8243; _module_preset=\u00bbdefault\u00bb header_4_font=\u00bbBebas Neue||||||||\u00bb header_4_font_size=\u00bb22px\u00bb custom_margin=\u00bb||4px|||\u00bb]<\/p>\n<h4>Ense\u00f1anzas Profesionales de M\u00fasica y Danza<\/h4>\n<p>[\/et_pb_text][et_pb_divider color=\u00bb#ffdc32&#8243; divider_weight=\u00bb5px\u00bb _builder_version=\u00bb4.7.7&#8243; _module_preset=\u00bbdefault\u00bb width=\u00bb25%\u00bb custom_margin=\u00bb||5px||false|false\u00bb animation_style=\u00bbslide\u00bb][\/et_pb_divider][et_pb_text _builder_version=\u00bb4.7.7&#8243; _module_preset=\u00bbdefault\u00bb text_font=\u00bb|300|||||||\u00bb]Reconocimiento de t\u00edtulos, cualificaciones profesionales, Europass, estado de los conservatorios, ley de incompatibilidades,  introducci\u00f3n de contenidos de Formaci\u00f3n y Orientaci\u00f3n Profesional, desarrollo de las especialidades de m\u00fasica moderna, centros integrados.[\/et_pb_text][\/et_pb_column][\/et_pb_row][et_pb_row column_structure=\u00bb1_3,1_3,1_3&#8243; admin_label=\u00bbService Area\u00bb _builder_version=\u00bb4.7.7&#8243; width=\u00bb81%\u00bb max_width=\u00bb1441px\u00bb custom_padding=\u00bb||43px|||\u00bb][et_pb_column type=\u00bb1_3&#8243; _builder_version=\u00bb3.25&#8243; custom_padding=\u00bb|||\u00bb custom_padding__hover=\u00bb|||\u00bb][et_pb_text _builder_version=\u00bb4.7.7&#8243; _module_preset=\u00bbdefault\u00bb header_4_font=\u00bbBebas Neue||||||||\u00bb header_4_font_size=\u00bb22px\u00bb custom_margin=\u00bb||4px|||\u00bb]<\/p>\n<h4>Ense\u00f1anzas Superiores de M\u00fasica y Danza<\/h4>\n<p>[\/et_pb_text][et_pb_divider color=\u00bb#ffdc32&#8243; divider_weight=\u00bb5px\u00bb _builder_version=\u00bb4.7.7&#8243; _module_preset=\u00bbdefault\u00bb width=\u00bb25%\u00bb custom_margin=\u00bb||5px||false|false\u00bb animation_style=\u00bbslide\u00bb][\/et_pb_divider][et_pb_text _builder_version=\u00bb4.7.7&#8243; _module_preset=\u00bbdefault\u00bb text_font=\u00bb|300|||||||\u00bb]Hoja de ruta de la adscripci\u00f3n a la universidad, procesos selectivos profesorado, desarrollo de procesos de evaluaci\u00f3n de la calidad del profesorado, de la ense\u00f1anza y de las instituciones. Investigaci\u00f3n y programas de doctorado y procesos de evaluaci\u00f3n curricular.[\/et_pb_text][\/et_pb_column][et_pb_column type=\u00bb1_3&#8243; _builder_version=\u00bb3.25&#8243; custom_padding=\u00bb|||\u00bb custom_padding__hover=\u00bb|||\u00bb][et_pb_text _builder_version=\u00bb4.7.7&#8243; _module_preset=\u00bbdefault\u00bb header_4_font=\u00bbBebas Neue||||||||\u00bb header_4_font_size=\u00bb22px\u00bb custom_margin=\u00bb||4px|||\u00bb]<\/p>\n<h4>Vinculaci\u00f3n entre mundo profesional y acad\u00e9mico en todos los niveles educativos<\/h4>\n<p>[\/et_pb_text][et_pb_divider color=\u00bb#ffdc32&#8243; divider_weight=\u00bb5px\u00bb _builder_version=\u00bb4.7.7&#8243; _module_preset=\u00bbdefault\u00bb width=\u00bb25%\u00bb custom_margin=\u00bb||5px||false|false\u00bb animation_style=\u00bbslide\u00bb][\/et_pb_divider][et_pb_text _builder_version=\u00bb4.7.7&#8243; _module_preset=\u00bbdefault\u00bb text_font=\u00bb|300|||||||\u00bb]Becas, entradas a conciertos, profesorado invitado, docentes especialistas y establecimiento de oficinas de emprendimiento cultural.[\/et_pb_text][\/et_pb_column][et_pb_column type=\u00bb1_3&#8243; _builder_version=\u00bb3.25&#8243; custom_padding=\u00bb|||\u00bb custom_padding__hover=\u00bb|||\u00bb][et_pb_text _builder_version=\u00bb4.7.7&#8243; _module_preset=\u00bbdefault\u00bb header_4_font=\u00bbBebas Neue||||||||\u00bb header_4_font_size=\u00bb22px\u00bb custom_margin=\u00bb||4px|||\u00bb]<\/p>\n<h4>Bachilleratos art\u00edsticos<\/h4>\n<p>[\/et_pb_text][et_pb_divider color=\u00bb#ffdc32&#8243; divider_weight=\u00bb5px\u00bb _builder_version=\u00bb4.7.7&#8243; _module_preset=\u00bbdefault\u00bb width=\u00bb25%\u00bb custom_margin=\u00bb||5px||false|false\u00bb animation_style=\u00bbslide\u00bb][\/et_pb_divider][et_pb_text _builder_version=\u00bb4.7.7&#8243; _module_preset=\u00bbdefault\u00bb text_font=\u00bb|300|||||||\u00bb]Consolidaci\u00f3n y contrataci\u00f3n de profesorado especialista en danza. [\/et_pb_text][\/et_pb_column][\/et_pb_row][et_pb_row column_structure=\u00bb1_3,1_3,1_3&#8243; admin_label=\u00bbService Area\u00bb _builder_version=\u00bb4.7.7&#8243; width=\u00bb81%\u00bb max_width=\u00bb1441px\u00bb custom_padding=\u00bb||43px|||\u00bb][et_pb_column type=\u00bb1_3&#8243; _builder_version=\u00bb3.25&#8243; custom_padding=\u00bb|||\u00bb custom_padding__hover=\u00bb|||\u00bb][et_pb_text _builder_version=\u00bb4.7.7&#8243; _module_preset=\u00bbdefault\u00bb header_4_font=\u00bbBebas Neue||||||||\u00bb header_4_font_size=\u00bb22px\u00bb custom_margin=\u00bb||4px|||\u00bb]<\/p>\n<h4>Conservatorio de Castell\u00f3n<\/h4>\n<p>[\/et_pb_text][et_pb_divider color=\u00bb#ffdc32&#8243; divider_weight=\u00bb5px\u00bb _builder_version=\u00bb4.7.7&#8243; _module_preset=\u00bbdefault\u00bb width=\u00bb25%\u00bb custom_margin=\u00bb||5px||false|false\u00bb animation_style=\u00bbslide\u00bb][\/et_pb_divider][et_pb_text _builder_version=\u00bb4.7.7&#8243; _module_preset=\u00bbdefault\u00bb text_font=\u00bb|300|||||||\u00bb]Seguimiento de la implantaci\u00f3n del conservatorio Profesional de Danza.[\/et_pb_text][\/et_pb_column][et_pb_column type=\u00bb1_3&#8243; _builder_version=\u00bb3.25&#8243; custom_padding=\u00bb|||\u00bb custom_padding__hover=\u00bb|||\u00bb][et_pb_text _builder_version=\u00bb4.7.7&#8243; _module_preset=\u00bbdefault\u00bb header_4_font=\u00bbBebas Neue||||||||\u00bb header_4_font_size=\u00bb22px\u00bb custom_margin=\u00bb||4px|||\u00bb]<\/p>\n<h4>Escuelas de danza<\/h4>\n<p>[\/et_pb_text][et_pb_divider color=\u00bb#ffdc32&#8243; divider_weight=\u00bb5px\u00bb _builder_version=\u00bb4.7.7&#8243; _module_preset=\u00bbdefault\u00bb width=\u00bb25%\u00bb custom_margin=\u00bb||5px||false|false\u00bb animation_style=\u00bbslide\u00bb][\/et_pb_divider][et_pb_text _builder_version=\u00bb4.7.7&#8243; _module_preset=\u00bbdefault\u00bb text_font=\u00bb|300|||||||\u00bb]Otra de las prioridades en materia educativa, ya que la APDCV quiere defender tambi\u00e9n las necesidades de este sector de los profesionales asociados.[\/et_pb_text][\/et_pb_column][et_pb_column type=\u00bb1_3&#8243; _builder_version=\u00bb3.25&#8243; custom_padding=\u00bb|||\u00bb custom_padding__hover=\u00bb|||\u00bb][\/et_pb_column][\/et_pb_row][et_pb_row admin_label=\u00bbSection Title\u00bb _builder_version=\u00bb3.25&#8243; custom_margin=\u00bb|||\u00bb custom_padding=\u00bb7px|0px|7px|0px|true|\u00bb locked=\u00bboff\u00bb][et_pb_column type=\u00bb4_4&#8243; _builder_version=\u00bb3.25&#8243; custom_padding=\u00bb|||\u00bb custom_padding__hover=\u00bb|||\u00bb][et_pb_divider show_divider=\u00bboff\u00bb _builder_version=\u00bb3.2&#8243; max_width=\u00bb23px\u00bb module_alignment=\u00bbcenter\u00bb animation_style=\u00bbslide\u00bb animation_direction=\u00bbtop\u00bb animation_intensity_slide=\u00bb20%\u00bb animation_starting_opacity=\u00bb100%\u00bb][\/et_pb_divider][et_pb_text admin_label=\u00bbTitle\u00bb _builder_version=\u00bb4.7.7&#8243; text_font=\u00bb||||||||\u00bb header_font=\u00bb||||||||\u00bb header_2_font=\u00bbBebas Neue|600||on|||||\u00bb header_2_text_align=\u00bbcenter\u00bb header_2_font_size=\u00bb30px\u00bb header_2_letter_spacing=\u00bb3px\u00bb header_3_font=\u00bbBebas Neue||||||||\u00bb header_3_text_align=\u00bbcenter\u00bb header_3_font_size=\u00bb40px\u00bb header_3_letter_spacing=\u00bb2px\u00bb custom_margin=\u00bb||5px|\u00bb animation_style=\u00bbslide\u00bb animation_direction=\u00bbtop\u00bb animation_intensity_slide=\u00bb20%\u00bb animation_starting_opacity=\u00bb100%\u00bb]<\/p>\n<h3>NEGOCIACIONES CON CONSELLERIA<\/h3>\n<p>[\/et_pb_text][et_pb_text admin_label=\u00bbTitle\u00bb _builder_version=\u00bb4.7.7&#8243; text_font=\u00bb|300|||||||\u00bb text_text_color=\u00bb#686868&#8243; text_font_size=\u00bb18px\u00bb text_line_height=\u00bb1.5em\u00bb link_font=\u00bb||||on|||#f46624|\u00bb link_text_color=\u00bb#333333&#8243; header_font=\u00bb||||||||\u00bb header_2_font=\u00bbMontserrat|600||on|||||\u00bb header_2_text_align=\u00bbcenter\u00bb header_2_font_size=\u00bb30px\u00bb text_orientation=\u00bbcenter\u00bb max_width=\u00bb800px\u00bb module_alignment=\u00bbcenter\u00bb custom_margin=\u00bb||40px|\u00bb animation_style=\u00bbslide\u00bb animation_direction=\u00bbtop\u00bb animation_intensity_slide=\u00bb20%\u00bb animation_starting_opacity=\u00bb100%\u00bb text_font_size_tablet=\u00bb\u00bb text_font_size_phone=\u00bb\u00bb text_font_size_last_edited=\u00bbon|desktop\u00bb]<\/p>\n<p>La APDCV tiene abiertas diferentes negociaciones con la Conselleria de Educaci\u00f3n para abordar mejoras en aspectos que afectan a nuestro sector.<\/p>\n<p>[\/et_pb_text][\/et_pb_column][\/et_pb_row][et_pb_row admin_label=\u00bbSection Title\u00bb _builder_version=\u00bb4.7.7&#8243; background_color=\u00bbrgba(255,220,50,0.57)\u00bb custom_margin=\u00bb|||\u00bb custom_padding=\u00bb28px|0px|28px|0px|true|\u00bb locked=\u00bboff\u00bb][et_pb_column type=\u00bb4_4&#8243; _builder_version=\u00bb3.25&#8243; custom_padding=\u00bb|||\u00bb custom_padding__hover=\u00bb|||\u00bb][et_pb_divider show_divider=\u00bboff\u00bb _builder_version=\u00bb3.2&#8243; max_width=\u00bb23px\u00bb module_alignment=\u00bbcenter\u00bb animation_style=\u00bbslide\u00bb animation_direction=\u00bbtop\u00bb animation_intensity_slide=\u00bb20%\u00bb animation_starting_opacity=\u00bb100%\u00bb][\/et_pb_divider][et_pb_text admin_label=\u00bbTitle\u00bb _builder_version=\u00bb4.7.7&#8243; text_font=\u00bb|300|||||||\u00bb text_text_color=\u00bb#686868&#8243; text_font_size=\u00bb18px\u00bb text_line_height=\u00bb1.6em\u00bb link_font=\u00bb||||on|||#f46624|\u00bb link_text_color=\u00bb#333333&#8243; header_font=\u00bb||||||||\u00bb header_2_font=\u00bbMontserrat|600||on|||||\u00bb header_2_text_align=\u00bbcenter\u00bb header_2_font_size=\u00bb30px\u00bb text_orientation=\u00bbcenter\u00bb max_width=\u00bb800px\u00bb module_alignment=\u00bbcenter\u00bb custom_margin=\u00bb||40px|\u00bb animation_style=\u00bbslide\u00bb animation_direction=\u00bbtop\u00bb animation_intensity_slide=\u00bb20%\u00bb animation_starting_opacity=\u00bb100%\u00bb]En junio de 2020, la APDCV renov\u00f3 su comisi\u00f3n de trabajo en Educaci\u00f3n. En la actualidad, la coordinaci\u00f3n la lleva nuestro socio alicantino Joaqu\u00edn Ponce y el valenciano Miguel Tornero.<br \/>\nDestacamos nuestra alianza con AMPE (Asociaci\u00f3n de M\u00fasicos Profesionales de Espa\u00f1a) en temas de Educaci\u00f3n de Ense\u00f1anzas Art\u00edsticas, por lo que nuestro trabajo con esta entidad y su delegaci\u00f3n en la Comunidad Valenciana, es estrecha y permanente.<br \/>\nLa  APDCV cuenta con el asesoramiento y apoyo del STEPV en temas de educaci\u00f3n.<br \/>\nDesde febrero de 2020 se ha impulsado la Comisi\u00f3n de Escuelas de danza cuya coordinaci\u00f3n la lleva la socia valenciana Amparo Ferrer de Bot\u00e0nic Espai de Dansa.<br \/>\nPor \u00faltimo, la APDCV como asociaci\u00f3n integrada en estructuras supra-auton\u00f3micas, participa en la elaboraci\u00f3n y seguimiento de proyectos de educaci\u00f3n. [\/et_pb_text][\/et_pb_column][\/et_pb_row][\/et_pb_section]<\/p>\n","protected":false},"excerpt":{"rendered":"<p>Pol\u00edtica educativa \u00c1REAS DE TRABAJOEDUCACI\u00d3NOferta P\u00fablica de Empleo Cuerpo de Profesorado y Catedr\u00e1ticos de M\u00fasica y Artes Esc\u00e9nicasIntroducci\u00f3n de mejoras en la futura OPE, respecto a: plazos de la convocatoria, [&hellip;]<\/p>\n","protected":false},"author":1,"featured_media":1772,"parent":4746,"menu_order":0,"comment_status":"closed","ping_status":"closed","template":"","meta":{"_acf_changed":false,"_et_pb_use_builder":"on","_et_pb_old_content":"","_et_gb_content_width":"","footnotes":""},"class_list":["post-3428","page","type-page","status-publish","has-post-thumbnail","hentry"],"acf":[],"_links":{"self":[{"href":"https:\/\/profesionalesdanza.com\/es\/wp-json\/wp\/v2\/pages\/3428","targetHints":{"allow":["GET"]}}],"collection":[{"href":"https:\/\/profesionalesdanza.com\/es\/wp-json\/wp\/v2\/pages"}],"about":[{"href":"https:\/\/profesionalesdanza.com\/es\/wp-json\/wp\/v2\/types\/page"}],"author":[{"embeddable":true,"href":"https:\/\/profesionalesdanza.com\/es\/wp-json\/wp\/v2\/users\/1"}],"replies":[{"embeddable":true,"href":"https:\/\/profesionalesdanza.com\/es\/wp-json\/wp\/v2\/comments?post=3428"}],"version-history":[{"count":7,"href":"https:\/\/profesionalesdanza.com\/es\/wp-json\/wp\/v2\/pages\/3428\/revisions"}],"predecessor-version":[{"id":4908,"href":"https:\/\/profesionalesdanza.com\/es\/wp-json\/wp\/v2\/pages\/3428\/revisions\/4908"}],"up":[{"embeddable":true,"href":"https:\/\/profesionalesdanza.com\/es\/wp-json\/wp\/v2\/pages\/4746"}],"wp:featuredmedia":[{"embeddable":true,"href":"https:\/\/profesionalesdanza.com\/es\/wp-json\/wp\/v2\/media\/1772"}],"wp:attachment":[{"href":"https:\/\/profesionalesdanza.com\/es\/wp-json\/wp\/v2\/media?parent=3428"}],"curies":[{"name":"wp","href":"https:\/\/api.w.org\/{rel}","templated":true}]}}