{"id":3361,"date":"2021-01-12T13:22:37","date_gmt":"2021-01-12T13:22:37","guid":{"rendered":"https:\/\/profesionalesdanza.com\/sobre-apdcv\/"},"modified":"2023-08-02T18:39:33","modified_gmt":"2023-08-02T16:39:33","slug":"sobre-apdcv","status":"publish","type":"page","link":"https:\/\/profesionalesdanza.com\/es\/apdcv\/sobre-apdcv\/","title":{"rendered":"Sobre APDCV"},"content":{"rendered":"<p>[et_pb_section fb_built=\u00bb1&#8243; admin_label=\u00bbHero Section\u00bb _builder_version=\u00bb4.16&#8243; use_background_color_gradient=\u00bbon\u00bb background_color_gradient_stops=\u00bbrgba(255,220,50,0.6) 0%|rgba(255,220,50,0.6) 100%\u00bb background_color_gradient_overlays_image=\u00bbon\u00bb background_color_gradient_start=\u00bbrgba(255,220,50,0.6)\u00bb background_color_gradient_end=\u00bbrgba(255,220,50,0.6)\u00bb background_image=\u00bbhttps:\/\/profesionalesdanza.com\/wp-content\/uploads\/2021\/02\/circulo.png\u00bb background_size=\u00bbcontain\u00bb custom_padding=\u00bb4%||4%||true|\u00bb bottom_divider_style=\u00bbcurve2&#8243; bottom_divider_color=\u00bb#f7f7f7&#8243; bottom_divider_height=\u00bb200px\u00bb bottom_divider_height_tablet=\u00bb150px\u00bb bottom_divider_height_phone=\u00bb90px\u00bb bottom_divider_height_last_edited=\u00bbon|desktop\u00bb da_disable_devices=\u00bboff|off|off\u00bb global_colors_info=\u00bb{}\u00bb background_color_gradient_direction__hover=\u00bb180deg\u00bb background_color_gradient_direction__hover_enabled=\u00bb180deg\u00bb background_color_gradient_start_position__hover=\u00bb0%\u00bb background_color_gradient_start_position__hover_enabled=\u00bb0%\u00bb background_color_gradient_end_position__hover=\u00bb100%\u00bb background_color_gradient_end_position__hover_enabled=\u00bb100%\u00bb background_color_gradient_stops__hover=\u00bbrgba(255,220,50,0.6) 0%|rgba(255,220,50,0.6) 100%\u00bb da_is_popup=\u00bboff\u00bb da_exit_intent=\u00bboff\u00bb da_has_close=\u00bbon\u00bb da_alt_close=\u00bboff\u00bb da_dark_close=\u00bboff\u00bb da_not_modal=\u00bbon\u00bb da_is_singular=\u00bboff\u00bb da_with_loader=\u00bboff\u00bb da_has_shadow=\u00bbon\u00bb][et_pb_row _builder_version=\u00bb4.16&#8243; global_colors_info=\u00bb{}\u00bb][et_pb_column type=\u00bb4_4&#8243; _builder_version=\u00bb4.16&#8243; custom_padding=\u00bb|||\u00bb global_colors_info=\u00bb{}\u00bb custom_padding__hover=\u00bb|||\u00bb][et_pb_text admin_label=\u00bbHero Section Title\u00bb _builder_version=\u00bb4.16&#8243; text_font=\u00bb||||||||\u00bb text_font_size=\u00bb22px\u00bb text_line_height=\u00bb1.4em\u00bb header_font=\u00bbBebas Neue|600|||||||\u00bb header_text_color=\u00bb#303030&#8243; header_font_size=\u00bb74px\u00bb header_letter_spacing=\u00bb3px\u00bb header_line_height=\u00bb1.3em\u00bb header_2_font=\u00bbBebas Neue|||on|||||\u00bb header_2_text_color=\u00bbrgba(255,255,255,0.6)\u00bb header_2_font_size=\u00bb36px\u00bb header_2_letter_spacing=\u00bb3px\u00bb header_2_line_height=\u00bb1.1em\u00bb text_orientation=\u00bbcenter\u00bb background_layout=\u00bbdark\u00bb module_alignment=\u00bbcenter\u00bb custom_margin=\u00bb||60px|\u00bb animation_style=\u00bbslide\u00bb animation_direction=\u00bbbottom\u00bb animation_intensity_slide=\u00bb5%\u00bb text_font_size_tablet=\u00bb\u00bb text_font_size_phone=\u00bb17px\u00bb text_font_size_last_edited=\u00bbon|phone\u00bb header_font_size_tablet=\u00bb\u00bb header_font_size_phone=\u00bb47px\u00bb header_font_size_last_edited=\u00bbon|phone\u00bb header_2_font_size_tablet=\u00bb\u00bb header_2_font_size_phone=\u00bb50px\u00bb header_2_font_size_last_edited=\u00bbon|phone\u00bb global_colors_info=\u00bb{}\u00bb]<\/p>\n<h1>Sobre APDCV<\/h1>\n<h2><a href=\"https:\/\/profesionalesdanza.com\/es\/apdcv\/\">APDCV<\/a><\/h2>\n<p>[\/et_pb_text][\/et_pb_column][\/et_pb_row][\/et_pb_section][et_pb_section fb_built=\u00bb1&#8243; admin_label=\u00bbAbout Section\u00bb _builder_version=\u00bb4.16&#8243; background_color=\u00bb#f7f7f7&#8243; custom_padding=\u00bb57px||33px|||\u00bb da_disable_devices=\u00bboff|off|off\u00bb global_colors_info=\u00bb{}\u00bb da_is_popup=\u00bboff\u00bb da_exit_intent=\u00bboff\u00bb da_has_close=\u00bbon\u00bb da_alt_close=\u00bboff\u00bb da_dark_close=\u00bboff\u00bb da_not_modal=\u00bbon\u00bb da_is_singular=\u00bboff\u00bb da_with_loader=\u00bboff\u00bb da_has_shadow=\u00bbon\u00bb][et_pb_row admin_label=\u00bbSection Title\u00bb _builder_version=\u00bb4.16&#8243; custom_margin=\u00bb|||\u00bb custom_padding=\u00bb27px|0px|11px|0px||\u00bb locked=\u00bboff\u00bb global_colors_info=\u00bb{}\u00bb][et_pb_column type=\u00bb4_4&#8243; _builder_version=\u00bb4.16&#8243; custom_padding=\u00bb|||\u00bb global_colors_info=\u00bb{}\u00bb custom_padding__hover=\u00bb|||\u00bb][et_pb_divider show_divider=\u00bboff\u00bb _builder_version=\u00bb4.16&#8243; max_width=\u00bb23px\u00bb module_alignment=\u00bbcenter\u00bb animation_style=\u00bbslide\u00bb animation_direction=\u00bbtop\u00bb animation_intensity_slide=\u00bb20%\u00bb animation_starting_opacity=\u00bb100%\u00bb global_colors_info=\u00bb{}\u00bb][\/et_pb_divider][et_pb_text admin_label=\u00bbTitle\u00bb _builder_version=\u00bb4.20.4&#8243; text_font=\u00bb|300|||||||\u00bb text_text_color=\u00bb#686868&#8243; text_font_size=\u00bb18px\u00bb text_line_height=\u00bb1.5em\u00bb link_font=\u00bb||||on|||#f46624|\u00bb link_text_color=\u00bb#333333&#8243; header_font=\u00bb||||||||\u00bb header_2_font=\u00bbMontserrat|600||on|||||\u00bb header_2_text_align=\u00bbcenter\u00bb header_2_font_size=\u00bb30px\u00bb text_orientation=\u00bbcenter\u00bb max_width=\u00bb800px\u00bb module_alignment=\u00bbcenter\u00bb custom_margin=\u00bb||40px|\u00bb animation_style=\u00bbslide\u00bb animation_direction=\u00bbtop\u00bb animation_intensity_slide=\u00bb20%\u00bb animation_starting_opacity=\u00bb100%\u00bb hover_enabled=\u00bb0&#8243; global_colors_info=\u00bb{}\u00bb sticky_enabled=\u00bb0&#8243;]<\/p>\n<p>La APDCV con casi 35 a\u00f1os de historia, es la \u00fanica organizaci\u00f3n profesional que existe en la Comunidad Valenciana que representa los intereses de los profesionales de la danza (int\u00e9rpretes, core\u00f3grafos, core\u00f3logos, investigadores, productores, gestores y docentes) no solo a nivel auton\u00f3mico, sino tambi\u00e9n estatal e internacional a trav\u00e9s del <strong>trabajo en red<\/strong> que desarrolla.<\/p>\n<p>[\/et_pb_text][\/et_pb_column][\/et_pb_row][et_pb_row column_structure=\u00bb1_3,1_3,1_3&#8243; admin_label=\u00bbService Area\u00bb _builder_version=\u00bb4.16&#8243; width=\u00bb81%\u00bb max_width=\u00bb1441px\u00bb custom_padding=\u00bb||43px|||\u00bb global_colors_info=\u00bb{}\u00bb][et_pb_column type=\u00bb1_3&#8243; _builder_version=\u00bb4.16&#8243; custom_padding=\u00bb|||\u00bb global_colors_info=\u00bb{}\u00bb custom_padding__hover=\u00bb|||\u00bb][et_pb_text _builder_version=\u00bb4.16&#8243; _module_preset=\u00bbdefault\u00bb header_3_font=\u00bbBebas Neue||||||||\u00bb header_4_font=\u00bbBebas Neue||||||||\u00bb header_4_font_size=\u00bb22px\u00bb custom_margin=\u00bb||4px|||\u00bb global_colors_info=\u00bb{}\u00bb]<\/p>\n<h3>Misi\u00f3n<\/h3>\n<p>[\/et_pb_text][et_pb_divider color=\u00bb#ffdc32&#8243; divider_weight=\u00bb5px\u00bb _builder_version=\u00bb4.16&#8243; _module_preset=\u00bbdefault\u00bb width=\u00bb25%\u00bb custom_margin=\u00bb||5px||false|false\u00bb animation_style=\u00bbslide\u00bb global_colors_info=\u00bb{}\u00bb][\/et_pb_divider][et_pb_text _builder_version=\u00bb4.16&#8243; _module_preset=\u00bbdefault\u00bb text_font=\u00bb|300|||||||\u00bb global_colors_info=\u00bb{}\u00bb]<\/p>\n<p>La misi\u00f3n de la APDCV viene definida por sus estatutos: la APDCV une a los profesionales de la danza de la Comunidad Valenciana y su misi\u00f3n es la representaci\u00f3n, defensa y promoci\u00f3n de los intereses econ\u00f3micos, sociales, profesionales y culturales de sus asociados.<\/p>\n<p>[\/et_pb_text][\/et_pb_column][et_pb_column type=\u00bb1_3&#8243; _builder_version=\u00bb4.16&#8243; custom_padding=\u00bb|||\u00bb global_colors_info=\u00bb{}\u00bb custom_padding__hover=\u00bb|||\u00bb][et_pb_text _builder_version=\u00bb4.16&#8243; _module_preset=\u00bbdefault\u00bb header_3_font=\u00bbBebas Neue||||||||\u00bb header_4_font=\u00bbBebas Neue||||||||\u00bb header_4_font_size=\u00bb22px\u00bb custom_margin=\u00bb||4px|||\u00bb global_colors_info=\u00bb{}\u00bb]<\/p>\n<h3>VISI\u00d3N<\/h3>\n<p>[\/et_pb_text][et_pb_divider color=\u00bb#ffdc32&#8243; divider_weight=\u00bb5px\u00bb _builder_version=\u00bb4.16&#8243; _module_preset=\u00bbdefault\u00bb width=\u00bb25%\u00bb custom_margin=\u00bb||5px||false|false\u00bb animation_style=\u00bbslide\u00bb global_colors_info=\u00bb{}\u00bb][\/et_pb_divider][et_pb_text _builder_version=\u00bb4.16&#8243; _module_preset=\u00bbdefault\u00bb text_font=\u00bb|300|||||||\u00bb global_colors_info=\u00bb{}\u00bb]Queremos convertir a la APDCV en la asociaci\u00f3n de referencia para el sector de la danza en la Comunidad Valenciana, dotarla de una s\u00f3lida estructura que atienda y canalice las necesidades y aspiraciones del sector y que \u00e9stas se vean reflejadas en la pol\u00edtica cultural en lo que al sector respecta.[\/et_pb_text][\/et_pb_column][et_pb_column type=\u00bb1_3&#8243; _builder_version=\u00bb4.16&#8243; custom_padding=\u00bb|||\u00bb global_colors_info=\u00bb{}\u00bb custom_padding__hover=\u00bb|||\u00bb][et_pb_text _builder_version=\u00bb4.16&#8243; _module_preset=\u00bbdefault\u00bb header_3_font=\u00bbBebas Neue||||||||\u00bb header_4_font=\u00bbBebas Neue||||||||\u00bb header_4_font_size=\u00bb22px\u00bb custom_margin=\u00bb||4px|||\u00bb global_colors_info=\u00bb{}\u00bb]<\/p>\n<h3>VALORES<\/h3>\n<p>[\/et_pb_text][et_pb_divider color=\u00bb#ffdc32&#8243; divider_weight=\u00bb5px\u00bb _builder_version=\u00bb4.16&#8243; _module_preset=\u00bbdefault\u00bb width=\u00bb25%\u00bb custom_margin=\u00bb||5px||false|false\u00bb animation_style=\u00bbslide\u00bb global_colors_info=\u00bb{}\u00bb][\/et_pb_divider][et_pb_text _builder_version=\u00bb4.16&#8243; _module_preset=\u00bbdefault\u00bb text_font=\u00bb|300|||||||\u00bb global_colors_info=\u00bb{}\u00bb]Los principios pragm\u00e1ticos que rigen el trabajo de la APDCV son la eficiencia, la profesionalidad y la sostenibilidad. <\/p>\n<p>Trabajaremos en equipo aplicando coherencia y transparencia en nuestra acci\u00f3n, en continua b\u00fasqueda de la participaci\u00f3n de los socios y el compromiso con la mejora del sector de la danza.[\/et_pb_text][\/et_pb_column][\/et_pb_row][et_pb_row _builder_version=\u00bb4.16&#8243; _module_preset=\u00bbdefault\u00bb global_colors_info=\u00bb{}\u00bb][et_pb_column type=\u00bb4_4&#8243; _builder_version=\u00bb4.16&#8243; _module_preset=\u00bbdefault\u00bb global_colors_info=\u00bb{}\u00bb][et_pb_button button_url=\u00bbhttps:\/\/profesionalesdanza.com\/es\/estructura\/\u00bb button_text=\u00bbCONOCE NUESTRA ESTRUCTURA ORGANIZATIVA \u00bb button_alignment=\u00bbcenter\u00bb _builder_version=\u00bb4.16&#8243; _module_preset=\u00bbdefault\u00bb custom_button=\u00bbon\u00bb button_text_size=\u00bb28px\u00bb button_text_color=\u00bb#242424&#8243; button_border_width=\u00bb5px\u00bb button_border_color=\u00bb#ffdc32&#8243; button_font=\u00bbBebas Neue||||||||\u00bb button_icon=\u00bb&#x24;||divi||400&#8243; custom_margin=\u00bb||-3px|||\u00bb custom_padding=\u00bb||0px|||\u00bb global_colors_info=\u00bb{}\u00bb button_bg_color__hover_enabled=\u00bbon|hover\u00bb button_bg_color__hover=\u00bbrgba(0,0,0,0)\u00bb button_bg_enable_color__hover=\u00bbon\u00bb][\/et_pb_button][\/et_pb_column][\/et_pb_row][\/et_pb_section][et_pb_section fb_built=\u00bb1&#8243; _builder_version=\u00bb4.16&#8243; _module_preset=\u00bbdefault\u00bb background_color=\u00bbrgba(255,220,50,0.57)\u00bb custom_padding=\u00bb17px||15px|||\u00bb da_disable_devices=\u00bboff|off|off\u00bb global_colors_info=\u00bb{}\u00bb da_is_popup=\u00bboff\u00bb da_exit_intent=\u00bboff\u00bb da_has_close=\u00bbon\u00bb da_alt_close=\u00bboff\u00bb da_dark_close=\u00bboff\u00bb da_not_modal=\u00bbon\u00bb da_is_singular=\u00bboff\u00bb da_with_loader=\u00bboff\u00bb da_has_shadow=\u00bbon\u00bb][et_pb_row column_structure=\u00bb1_6,1_6,1_6,1_6,1_6,1_6&#8243; use_custom_gutter=\u00bbon\u00bb gutter_width=\u00bb2&#8243; disabled_on=\u00bbon|on|off\u00bb _builder_version=\u00bb4.16&#8243; _module_preset=\u00bbdefault\u00bb custom_margin=\u00bb18px|auto||auto||\u00bb custom_padding=\u00bb||13px|||\u00bb global_colors_info=\u00bb{}\u00bb][et_pb_column type=\u00bb1_6&#8243; _builder_version=\u00bb4.16&#8243; _module_preset=\u00bbdefault\u00bb global_colors_info=\u00bb{}\u00bb][et_pb_image src=\u00bbhttps:\/\/profesionalesdanza.com\/wp-content\/uploads\/2021\/01\/ANGELA-VERDUGO.jpg\u00bb alt=\u00bbAngela Verdugo Presidenta APDCV\u00bb title_text=\u00bbANGELA-VERDUGO\u00bb align=\u00bbright\u00bb align_tablet=\u00bbcenter\u00bb align_phone=\u00bbcenter\u00bb align_last_edited=\u00bbon|tablet\u00bb _builder_version=\u00bb4.16&#8243; _module_preset=\u00bbdefault\u00bb width=\u00bb100%\u00bb border_radii=\u00bbon|50%|50%|50%|50%\u00bb border_width_all=\u00bb4px\u00bb border_color_all=\u00bb#ffdc32&#8243; locked=\u00bboff\u00bb global_colors_info=\u00bb{}\u00bb][\/et_pb_image][\/et_pb_column][et_pb_column type=\u00bb1_6&#8243; _builder_version=\u00bb4.16&#8243; _module_preset=\u00bbdefault\u00bb global_colors_info=\u00bb{}\u00bb][et_pb_image src=\u00bbhttps:\/\/profesionalesdanza.com\/wp-content\/uploads\/2022\/04\/PERE-copia.jpg\u00bb alt=\u00bbM\u00f3nika V\u00e1zquez Vocal APDCV\u00bb title_text=\u00bbPERE copia\u00bb align=\u00bbright\u00bb align_tablet=\u00bbcenter\u00bb align_phone=\u00bbcenter\u00bb align_last_edited=\u00bbon|tablet\u00bb _builder_version=\u00bb4.16&#8243; _module_preset=\u00bbdefault\u00bb width=\u00bb100%\u00bb border_radii=\u00bbon|50%|50%|50%|50%\u00bb border_width_all=\u00bb4px\u00bb border_color_all=\u00bb#ffdc32&#8243; locked=\u00bboff\u00bb global_colors_info=\u00bb{}\u00bb][\/et_pb_image][\/et_pb_column][et_pb_column type=\u00bb1_6&#8243; _builder_version=\u00bb4.16&#8243; _module_preset=\u00bbdefault\u00bb global_colors_info=\u00bb{}\u00bb][et_pb_image src=\u00bbhttps:\/\/profesionalesdanza.com\/wp-content\/uploads\/2022\/04\/miguel-tornero.jpg\u00bb alt=\u00bbElena G\u00f3mez P\u00e9rez Vicepresidenta APDCV\u00bb title_text=\u00bbmiguel-tornero\u00bb align=\u00bbright\u00bb align_tablet=\u00bbcenter\u00bb align_phone=\u00bbcenter\u00bb align_last_edited=\u00bbon|tablet\u00bb _builder_version=\u00bb4.16&#8243; _module_preset=\u00bbdefault\u00bb width=\u00bb100%\u00bb border_radii=\u00bbon|50%|50%|50%|50%\u00bb border_width_all=\u00bb4px\u00bb border_color_all=\u00bb#ffdc32&#8243; locked=\u00bboff\u00bb global_colors_info=\u00bb{}\u00bb][\/et_pb_image][\/et_pb_column][et_pb_column type=\u00bb1_6&#8243; _builder_version=\u00bb4.16&#8243; _module_preset=\u00bbdefault\u00bb global_colors_info=\u00bb{}\u00bb][et_pb_image src=\u00bbhttps:\/\/profesionalesdanza.com\/wp-content\/uploads\/2022\/04\/javi-copia.jpg\u00bb alt=\u00bbAlbert Garc\u00eda Saur\u00ed Secretario APDCV\u00bb title_text=\u00bbjavi copia\u00bb align=\u00bbright\u00bb align_tablet=\u00bbcenter\u00bb align_phone=\u00bbcenter\u00bb align_last_edited=\u00bbon|tablet\u00bb _builder_version=\u00bb4.16&#8243; _module_preset=\u00bbdefault\u00bb width=\u00bb100%\u00bb border_radii=\u00bbon|50%|50%|50%|50%\u00bb border_width_all=\u00bb4px\u00bb border_color_all=\u00bb#ffdc32&#8243; locked=\u00bboff\u00bb global_colors_info=\u00bb{}\u00bb][\/et_pb_image][\/et_pb_column][et_pb_column type=\u00bb1_6&#8243; _builder_version=\u00bb4.16&#8243; _module_preset=\u00bbdefault\u00bb global_colors_info=\u00bb{}\u00bb][et_pb_image src=\u00bbhttps:\/\/profesionalesdanza.com\/wp-content\/uploads\/2022\/04\/CARMELA-GARCI\u0301A-1-copia.jpg\u00bb alt=\u00bbAsun Noales Delegada Territorial Alicante APDCV\u00bb title_text=\u00bbCARMELA GARCI\u0301A (1) copia\u00bb align=\u00bbright\u00bb align_tablet=\u00bbcenter\u00bb align_phone=\u00bbcenter\u00bb align_last_edited=\u00bbon|tablet\u00bb _builder_version=\u00bb4.16&#8243; _module_preset=\u00bbdefault\u00bb width=\u00bb100%\u00bb border_radii=\u00bbon|50%|50%|50%|50%\u00bb border_width_all=\u00bb4px\u00bb border_color_all=\u00bb#ffdc32&#8243; locked=\u00bboff\u00bb global_colors_info=\u00bb{}\u00bb][\/et_pb_image][\/et_pb_column][et_pb_column type=\u00bb1_6&#8243; _builder_version=\u00bb4.16&#8243; _module_preset=\u00bbdefault\u00bb global_colors_info=\u00bb{}\u00bb][et_pb_image src=\u00bbhttps:\/\/profesionalesdanza.com\/wp-content\/uploads\/2022\/04\/ALOMA-copia.jpg\u00bb alt=\u00bbSONIA GONZ\u00c1LEZ S\u00c1NCHEZ Delegada territorial Alicante APDCV\u00bb title_text=\u00bbALOMA copia\u00bb align=\u00bbcenter\u00bb _builder_version=\u00bb4.16&#8243; _module_preset=\u00bbdefault\u00bb width=\u00bb100%\u00bb border_radii=\u00bbon|50%|50%|50%|50%\u00bb border_width_all=\u00bb3px\u00bb border_color_all=\u00bb#ffdc32&#8243; box_shadow_style=\u00bbpreset1&#8243; global_colors_info=\u00bb{}\u00bb][\/et_pb_image][\/et_pb_column][\/et_pb_row][et_pb_row column_structure=\u00bb1_5,1_5,1_5,1_5,1_5&#8243; use_custom_gutter=\u00bbon\u00bb gutter_width=\u00bb2&#8243; disabled_on=\u00bbon|on|off\u00bb _builder_version=\u00bb4.16&#8243; _module_preset=\u00bbdefault\u00bb custom_margin=\u00bb18px|auto||auto||\u00bb custom_padding=\u00bb||13px|||\u00bb global_colors_info=\u00bb{}\u00bb][et_pb_column type=\u00bb1_5&#8243; _builder_version=\u00bb4.16&#8243; _module_preset=\u00bbdefault\u00bb global_colors_info=\u00bb{}\u00bb][\/et_pb_column][et_pb_column type=\u00bb1_5&#8243; _builder_version=\u00bb4.16&#8243; _module_preset=\u00bbdefault\u00bb global_colors_info=\u00bb{}\u00bb][et_pb_image src=\u00bbhttps:\/\/profesionalesdanza.com\/wp-content\/uploads\/2021\/02\/sin-nombre.jpg\u00bb alt=\u00bbElena G\u00f3mez P\u00e9rez Vicepresidenta APDCV\u00bb title_text=\u00bbsin-nombre\u00bb align=\u00bbright\u00bb align_tablet=\u00bbcenter\u00bb align_phone=\u00bbcenter\u00bb align_last_edited=\u00bbon|tablet\u00bb _builder_version=\u00bb4.16&#8243; _module_preset=\u00bbdefault\u00bb width=\u00bb100%\u00bb border_radii=\u00bbon|50%|50%|50%|50%\u00bb border_width_all=\u00bb4px\u00bb border_color_all=\u00bb#ffdc32&#8243; locked=\u00bboff\u00bb global_colors_info=\u00bb{}\u00bb][\/et_pb_image][\/et_pb_column][et_pb_column type=\u00bb1_5&#8243; _builder_version=\u00bb4.16&#8243; _module_preset=\u00bbdefault\u00bb global_colors_info=\u00bb{}\u00bb][et_pb_image src=\u00bbhttps:\/\/profesionalesdanza.com\/wp-content\/uploads\/2022\/04\/XIMO1.jpg\u00bb alt=\u00bbElena G\u00f3mez P\u00e9rez Vicepresidenta APDCV\u00bb title_text=\u00bbXIMO1&#8243; align=\u00bbright\u00bb align_tablet=\u00bbcenter\u00bb align_phone=\u00bbcenter\u00bb align_last_edited=\u00bbon|tablet\u00bb _builder_version=\u00bb4.16&#8243; _module_preset=\u00bbdefault\u00bb width=\u00bb100%\u00bb border_radii=\u00bbon|50%|50%|50%|50%\u00bb border_width_all=\u00bb4px\u00bb border_color_all=\u00bb#ffdc32&#8243; locked=\u00bboff\u00bb global_colors_info=\u00bb{}\u00bb][\/et_pb_image][\/et_pb_column][et_pb_column type=\u00bb1_5&#8243; _builder_version=\u00bb4.16&#8243; _module_preset=\u00bbdefault\u00bb global_colors_info=\u00bb{}\u00bb][et_pb_image src=\u00bbhttps:\/\/profesionalesdanza.com\/wp-content\/uploads\/2022\/04\/AMPARO1.jpg\u00bb alt=\u00bbAlbert Garc\u00eda Saur\u00ed Secretario APDCV\u00bb title_text=\u00bbAMPARO1&#8243; align=\u00bbright\u00bb align_tablet=\u00bbcenter\u00bb align_phone=\u00bbcenter\u00bb align_last_edited=\u00bbon|tablet\u00bb _builder_version=\u00bb4.16&#8243; _module_preset=\u00bbdefault\u00bb width=\u00bb100%\u00bb border_radii=\u00bbon|50%|50%|50%|50%\u00bb border_width_all=\u00bb4px\u00bb border_color_all=\u00bb#ffdc32&#8243; locked=\u00bboff\u00bb global_colors_info=\u00bb{}\u00bb][\/et_pb_image][\/et_pb_column][et_pb_column type=\u00bb1_5&#8243; _builder_version=\u00bb4.16&#8243; _module_preset=\u00bbdefault\u00bb global_colors_info=\u00bb{}\u00bb][\/et_pb_column][\/et_pb_row][et_pb_row _builder_version=\u00bb4.16&#8243; _module_preset=\u00bbdefault\u00bb width_tablet=\u00bb\u00bb width_phone=\u00bb90%\u00bb width_last_edited=\u00bbon|phone\u00bb custom_margin=\u00bb-3px|auto||auto||\u00bb custom_padding=\u00bb11px||14px|||\u00bb global_colors_info=\u00bb{}\u00bb][et_pb_column type=\u00bb4_4&#8243; _builder_version=\u00bb4.16&#8243; _module_preset=\u00bbdefault\u00bb global_colors_info=\u00bb{}\u00bb][et_pb_button button_url=\u00bbhttps:\/\/profesionalesdanza.com\/es\/equipo\/\u00bb button_text=\u00bbCONOCE A NUESTRO EQUIPO\u00bb button_alignment=\u00bbcenter\u00bb button_alignment_tablet=\u00bb\u00bb button_alignment_phone=\u00bbcenter\u00bb button_alignment_last_edited=\u00bbon|desktop\u00bb _builder_version=\u00bb4.16&#8243; _module_preset=\u00bbdefault\u00bb custom_button=\u00bbon\u00bb button_text_size=\u00bb40px\u00bb button_text_color=\u00bb#242424&#8243; button_border_width=\u00bb0px\u00bb button_font=\u00bbBebas Neue||||||||\u00bb button_icon=\u00bb&#x24;||divi||400&#8243; custom_margin=\u00bb1px|||||\u00bb custom_margin_tablet=\u00bb\u00bb custom_margin_phone=\u00bb0px||||false|false\u00bb custom_margin_last_edited=\u00bbon|desktop\u00bb global_colors_info=\u00bb{}\u00bb button_bg_color__hover_enabled=\u00bbon|hover\u00bb button_bg_color__hover=\u00bbrgba(0,0,0,0)\u00bb button_bg_enable_color__hover=\u00bbon\u00bb][\/et_pb_button][\/et_pb_column][\/et_pb_row][\/et_pb_section]<\/p>\n","protected":false},"excerpt":{"rendered":"<p>Sobre APDCV APDCVLa APDCV con casi 35 a\u00f1os de historia, es la \u00fanica organizaci\u00f3n profesional que existe en la Comunidad Valenciana que representa los intereses de los profesionales de la [&hellip;]<\/p>\n","protected":false},"author":1,"featured_media":1974,"parent":4411,"menu_order":0,"comment_status":"closed","ping_status":"closed","template":"","meta":{"_acf_changed":false,"_et_pb_use_builder":"on","_et_pb_old_content":"","_et_gb_content_width":"","footnotes":""},"class_list":["post-3361","page","type-page","status-publish","has-post-thumbnail","hentry"],"acf":[],"_links":{"self":[{"href":"https:\/\/profesionalesdanza.com\/es\/wp-json\/wp\/v2\/pages\/3361","targetHints":{"allow":["GET"]}}],"collection":[{"href":"https:\/\/profesionalesdanza.com\/es\/wp-json\/wp\/v2\/pages"}],"about":[{"href":"https:\/\/profesionalesdanza.com\/es\/wp-json\/wp\/v2\/types\/page"}],"author":[{"embeddable":true,"href":"https:\/\/profesionalesdanza.com\/es\/wp-json\/wp\/v2\/users\/1"}],"replies":[{"embeddable":true,"href":"https:\/\/profesionalesdanza.com\/es\/wp-json\/wp\/v2\/comments?post=3361"}],"version-history":[{"count":9,"href":"https:\/\/profesionalesdanza.com\/es\/wp-json\/wp\/v2\/pages\/3361\/revisions"}],"predecessor-version":[{"id":10189,"href":"https:\/\/profesionalesdanza.com\/es\/wp-json\/wp\/v2\/pages\/3361\/revisions\/10189"}],"up":[{"embeddable":true,"href":"https:\/\/profesionalesdanza.com\/es\/wp-json\/wp\/v2\/pages\/4411"}],"wp:featuredmedia":[{"embeddable":true,"href":"https:\/\/profesionalesdanza.com\/es\/wp-json\/wp\/v2\/media\/1974"}],"wp:attachment":[{"href":"https:\/\/profesionalesdanza.com\/es\/wp-json\/wp\/v2\/media?parent=3361"}],"curies":[{"name":"wp","href":"https:\/\/api.w.org\/{rel}","templated":true}]}}